{"id":54,"date":"2015-02-16T22:17:12","date_gmt":"2015-02-16T22:17:12","guid":{"rendered":"http:\/\/saleia.de\/?page_id=54"},"modified":"2022-12-10T15:15:33","modified_gmt":"2022-12-10T15:15:33","slug":"contact","status":"publish","type":"page","link":"https:\/\/saleia.de\/?page_id=54","title":{"rendered":"Contact"},"content":{"rendered":"\n<p class=\"has-text-align-center\">Social Media: <a href=\"https:\/\/linktr.ee\/Saleia\">https:\/\/linktr.ee\/Saleia<\/a><\/p>\n\n\n\n<p class=\"has-text-align-center\"><strong>Anfragen<\/strong> oder <strong>Fanpost<\/strong> via Mail an: info@saleia.de<\/p>\n\n\n\n<p class=\"has-text-align-center\"><strong>Fan-Pakete<\/strong>: Schickt mir euer Paket gerne an die folgende Adresse:<\/p>\n\n\n\n<p class=\"has-text-align-center\">Sabrina Maria Krewinkel<\/p>\n\n\n\n<p class=\"has-text-align-center\">968342956 (Post-Nr.)<\/p>\n\n\n\n<p class=\"has-text-align-center\">Postfiliale 521<\/p>\n\n\n\n<p class=\"has-text-align-center\">51375 Leverkusen<\/p>\n\n\n\n<p>Wichtig ist es hierbei nur die Post-Nummer in Ziffern anzugeben, NICHT das Wort &#8222;Post-Nr.&#8220; dazu schreiben, weil sonst k\u00f6nnten je nach System Ziffern verschwinden. <\/p>\n\n\n\n<p>Die Paketgr\u00f6\u00dfe ist hierbei beliebig. Es gibt keine Einschr\u00e4nkungen. <\/p>\n\n\n\n<p>Folgende Sendungsarten k\u00f6nnt ihr nicht direkt in die Filiale senden lassen: 1. Brief-Sendungen (B\u00fccher-, Waren- und Fotopostsendungen), 2. Express-Sendungen, 3. P\u00e4ckchen S<\/p>\n\n\n\n<div class=\"wp-block-image\"><figure class=\"aligncenter size-large is-resized\"><a href=\"http:\/\/saleia.de\/wp-content\/uploads\/2021\/08\/img.sly_.1616593343338.1600.medium.png\"><img loading=\"lazy\" decoding=\"async\" src=\"http:\/\/saleia.de\/wp-content\/uploads\/2021\/08\/img.sly_.1616593343338.1600.medium.png\" alt=\"\" class=\"wp-image-4117\" width=\"440\" height=\"206\" srcset=\"https:\/\/saleia.de\/wp-content\/uploads\/2021\/08\/img.sly_.1616593343338.1600.medium.png 700w, https:\/\/saleia.de\/wp-content\/uploads\/2021\/08\/img.sly_.1616593343338.1600.medium-300x141.png 300w\" sizes=\"auto, (max-width: 440px) 100vw, 440px\" \/><\/a><\/figure><\/div>\n","protected":false},"excerpt":{"rendered":"<p>Social Media: https:\/\/linktr.ee\/Saleia Anfragen oder Fanpost via Mail an: info@saleia.de Fan-Pakete: Schickt mir euer Paket gerne an die folgende Adresse: Sabrina Maria Krewinkel 968342956 (Post-Nr.) Postfiliale 521 51375 Leverkusen Wichtig ist es hierbei nur die Post-Nummer in Ziffern anzugeben, NICHT das Wort &#8222;Post-Nr.&#8220; dazu schreiben, &hellip; <a href=\"https:\/\/saleia.de\/?page_id=54\" class=\"more-link\"><span>Continue reading<span class=\"screen-reader-text\">Contact<\/span><\/span><\/a><\/p>\n","protected":false},"author":1,"featured_media":0,"parent":0,"menu_order":8,"comment_status":"closed","ping_status":"closed","template":"","meta":{"footnotes":""},"class_list":["post-54","page","type-page","status-publish","hentry"],"_links":{"self":[{"href":"https:\/\/saleia.de\/index.php?rest_route=\/wp\/v2\/pages\/54","targetHints":{"allow":["GET"]}}],"collection":[{"href":"https:\/\/saleia.de\/index.php?rest_route=\/wp\/v2\/pages"}],"about":[{"href":"https:\/\/saleia.de\/index.php?rest_route=\/wp\/v2\/types\/page"}],"author":[{"embeddable":true,"href":"https:\/\/saleia.de\/index.php?rest_route=\/wp\/v2\/users\/1"}],"replies":[{"embeddable":true,"href":"https:\/\/saleia.de\/index.php?rest_route=%2Fwp%2Fv2%2Fcomments&post=54"}],"version-history":[{"count":34,"href":"https:\/\/saleia.de\/index.php?rest_route=\/wp\/v2\/pages\/54\/revisions"}],"predecessor-version":[{"id":4610,"href":"https:\/\/saleia.de\/index.php?rest_route=\/wp\/v2\/pages\/54\/revisions\/4610"}],"wp:attachment":[{"href":"https:\/\/saleia.de\/index.php?rest_route=%2Fwp%2Fv2%2Fmedia&parent=54"}],"curies":[{"name":"wp","href":"https:\/\/api.w.org\/{rel}","templated":true}]}}