{"id":4031,"date":"2021-03-02T14:53:48","date_gmt":"2021-03-02T14:53:48","guid":{"rendered":"http:\/\/saleia.de\/?page_id=4031"},"modified":"2022-07-07T23:24:05","modified_gmt":"2022-07-07T23:24:05","slug":"merchandise","status":"publish","type":"page","link":"https:\/\/saleia.de\/?page_id=4031","title":{"rendered":"Merchandise"},"content":{"rendered":"\n<p>Dank der talentierten Zeichnerin: The Lilli Bird Art (www.thelillibird.art), die Saleia einige Bilder w\u00e4hrend ihres 24h Streams auf Twitch entworfen hat, gibt es nun einen Shop, wo ihr Merchandise von Saleia kaufen k\u00f6nnt.<\/p>\n\n\n\n<p><strong>StreamElements Merch<\/strong><\/p>\n\n\n\n<div class=\"wp-block-image\"><figure class=\"aligncenter\"><a href=\"https:\/\/merch.streamelements.com\/saleialive\" target=\"_blank\" rel=\"noreferrer noopener\"><img loading=\"lazy\" decoding=\"async\" width=\"320\" height=\"320\" src=\"http:\/\/saleia.de\/wp-content\/uploads\/2021\/03\/saleialive_merch_panel.png\" alt=\"\" class=\"wp-image-4029\" srcset=\"https:\/\/saleia.de\/wp-content\/uploads\/2021\/03\/saleialive_merch_panel.png 320w, https:\/\/saleia.de\/wp-content\/uploads\/2021\/03\/saleialive_merch_panel-300x300.png 300w, https:\/\/saleia.de\/wp-content\/uploads\/2021\/03\/saleialive_merch_panel-150x150.png 150w\" sizes=\"auto, (max-width: 320px) 100vw, 320px\" \/><\/a><figcaption>StreamElements Merch<\/figcaption><\/figure><\/div>\n\n\n\n<p>Wenn ihr etwas bei StreamElements w\u00e4hrend Saleia&#8217;s Streams bestellt, werdet ihr sogar mit einem Alert bei ihr LIVE erw\u00e4hnt!<\/p>\n\n\n\n<p>Die T-Shirts haben eine super Qualit\u00e4t und sehen nach den ersten W\u00e4schen noch genauso aus wie auf den folgenden Bildern. <\/p>\n\n\n\n<div class=\"wp-block-columns are-vertically-aligned-center is-layout-flex wp-container-core-columns-is-layout-9d6595d7 wp-block-columns-is-layout-flex\">\n<div class=\"wp-block-column is-vertically-aligned-center is-layout-flow wp-block-column-is-layout-flow\" style=\"flex-basis:100%\">\n<figure class=\"wp-block-gallery alignwide has-nested-images columns-default is-cropped wp-block-gallery-1 is-layout-flex wp-block-gallery-is-layout-flex\">\n<figure class=\"wp-block-image size-large\"><a href=\"http:\/\/saleia.de\/wp-content\/uploads\/2021\/08\/157748246_3726075167472795_6257135935170683088_n.jpg\"><img loading=\"lazy\" decoding=\"async\" width=\"1349\" height=\"1687\" data-id=\"4061\" src=\"http:\/\/saleia.de\/wp-content\/uploads\/2021\/08\/157748246_3726075167472795_6257135935170683088_n.jpg\" alt=\"\" class=\"wp-image-4061\" srcset=\"https:\/\/saleia.de\/wp-content\/uploads\/2021\/08\/157748246_3726075167472795_6257135935170683088_n.jpg 1349w, https:\/\/saleia.de\/wp-content\/uploads\/2021\/08\/157748246_3726075167472795_6257135935170683088_n-240x300.jpg 240w, https:\/\/saleia.de\/wp-content\/uploads\/2021\/08\/157748246_3726075167472795_6257135935170683088_n-819x1024.jpg 819w, https:\/\/saleia.de\/wp-content\/uploads\/2021\/08\/157748246_3726075167472795_6257135935170683088_n-768x960.jpg 768w, https:\/\/saleia.de\/wp-content\/uploads\/2021\/08\/157748246_3726075167472795_6257135935170683088_n-1228x1536.jpg 1228w\" sizes=\"auto, (max-width: 1349px) 100vw, 1349px\" \/><\/a><figcaption>Saleia T-Shirt<\/figcaption><\/figure>\n\n\n\n<figure class=\"wp-block-image size-large\"><a href=\"http:\/\/saleia.de\/wp-content\/uploads\/2021\/08\/161786237_3745997572147221_83334860756287301_n.jpg\"><img loading=\"lazy\" decoding=\"async\" width=\"512\" height=\"640\" data-id=\"4064\" src=\"http:\/\/saleia.de\/wp-content\/uploads\/2021\/08\/161786237_3745997572147221_83334860756287301_n.jpg\" alt=\"\" class=\"wp-image-4064\" srcset=\"https:\/\/saleia.de\/wp-content\/uploads\/2021\/08\/161786237_3745997572147221_83334860756287301_n.jpg 512w, https:\/\/saleia.de\/wp-content\/uploads\/2021\/08\/161786237_3745997572147221_83334860756287301_n-240x300.jpg 240w\" sizes=\"auto, (max-width: 512px) 100vw, 512px\" \/><\/a><figcaption>Deadleia T-Shirt<\/figcaption><\/figure>\n\n\n\n<figure class=\"wp-block-image size-large\"><a href=\"http:\/\/saleia.de\/wp-content\/uploads\/2021\/08\/160954164_3736784306401881_6775422118296684043_n.jpg\"><img loading=\"lazy\" decoding=\"async\" width=\"512\" height=\"640\" data-id=\"4063\" src=\"http:\/\/saleia.de\/wp-content\/uploads\/2021\/08\/160954164_3736784306401881_6775422118296684043_n.jpg\" alt=\"\" class=\"wp-image-4063\" srcset=\"https:\/\/saleia.de\/wp-content\/uploads\/2021\/08\/160954164_3736784306401881_6775422118296684043_n.jpg 512w, https:\/\/saleia.de\/wp-content\/uploads\/2021\/08\/160954164_3736784306401881_6775422118296684043_n-240x300.jpg 240w\" sizes=\"auto, (max-width: 512px) 100vw, 512px\" \/><\/a><figcaption>Matschleia T-Shirt<\/figcaption><\/figure>\n\n\n\n<figure class=\"wp-block-image size-large\"><a href=\"http:\/\/saleia.de\/wp-content\/uploads\/2021\/08\/163392301_3756618541085124_2906454183507880898_n.jpg\"><img loading=\"lazy\" decoding=\"async\" width=\"512\" height=\"640\" data-id=\"4065\" src=\"http:\/\/saleia.de\/wp-content\/uploads\/2021\/08\/163392301_3756618541085124_2906454183507880898_n.jpg\" alt=\"\" class=\"wp-image-4065\" srcset=\"https:\/\/saleia.de\/wp-content\/uploads\/2021\/08\/163392301_3756618541085124_2906454183507880898_n.jpg 512w, https:\/\/saleia.de\/wp-content\/uploads\/2021\/08\/163392301_3756618541085124_2906454183507880898_n-240x300.jpg 240w\" sizes=\"auto, (max-width: 512px) 100vw, 512px\" \/><\/a><figcaption>Die vielen Tode der Saleia T-Shirt<\/figcaption><\/figure>\n\n\n\n<figure class=\"wp-block-image size-large\"><a href=\"http:\/\/saleia.de\/wp-content\/uploads\/2021\/08\/159181531_3729318923815086_4380920641106021032_n.jpg\"><img loading=\"lazy\" decoding=\"async\" width=\"512\" height=\"640\" data-id=\"4062\" src=\"http:\/\/saleia.de\/wp-content\/uploads\/2021\/08\/159181531_3729318923815086_4380920641106021032_n.jpg\" alt=\"\" class=\"wp-image-4062\" srcset=\"https:\/\/saleia.de\/wp-content\/uploads\/2021\/08\/159181531_3729318923815086_4380920641106021032_n.jpg 512w, https:\/\/saleia.de\/wp-content\/uploads\/2021\/08\/159181531_3729318923815086_4380920641106021032_n-240x300.jpg 240w\" sizes=\"auto, (max-width: 512px) 100vw, 512px\" \/><\/a><figcaption>Susleia T-Shirt<\/figcaption><\/figure>\n\n\n\n<figure class=\"wp-block-image size-large\"><a href=\"http:\/\/saleia.de\/wp-content\/uploads\/2021\/08\/165750140_187388546527895_6625262667023943436_n.jpg\"><img loading=\"lazy\" decoding=\"async\" width=\"512\" height=\"640\" data-id=\"4066\" src=\"http:\/\/saleia.de\/wp-content\/uploads\/2021\/08\/165750140_187388546527895_6625262667023943436_n.jpg\" alt=\"\" class=\"wp-image-4066\" srcset=\"https:\/\/saleia.de\/wp-content\/uploads\/2021\/08\/165750140_187388546527895_6625262667023943436_n.jpg 512w, https:\/\/saleia.de\/wp-content\/uploads\/2021\/08\/165750140_187388546527895_6625262667023943436_n-240x300.jpg 240w\" sizes=\"auto, (max-width: 512px) 100vw, 512px\" \/><\/a><figcaption>Schl\u00fcsselanh\u00e4nger bei Saleia vorr\u00e4tig &#8211; Anschreiben<\/figcaption><\/figure>\n<\/figure>\n<\/div>\n<\/div>\n\n\n\n<p>T-Shirts im Video pr\u00e4sentiert: <a href=\"https:\/\/www.facebook.com\/saleia\/videos\/435947971013179\">https:\/\/www.facebook.com\/saleia\/videos\/435947971013179<\/a><\/p>\n\n\n\n<p>Schl\u00fcsselanh\u00e4nger und weiteren Merchandise k\u00f6nnt ihr im Anschluss eines Live-Konzertes bei Saleia am Stand erwerben oder sogar in einem Livestream auf Twitch zwischendurch gewinnen. Gerne k\u00f6nnt ihr auch direkt bei Saleia bestellen. Einfach eine E-Mail an info@saleia.de senden.<\/p>\n\n\n\n<figure class=\"wp-block-gallery alignwide has-nested-images columns-default is-cropped wp-block-gallery-2 is-layout-flex wp-block-gallery-is-layout-flex\">\n<figure class=\"wp-block-image size-large\"><a href=\"http:\/\/saleia.de\/wp-content\/uploads\/2022\/07\/283781702_451607766772637_3799694899925867203_n.jpg\"><img loading=\"lazy\" decoding=\"async\" width=\"1440\" height=\"1444\" data-id=\"4529\" src=\"http:\/\/saleia.de\/wp-content\/uploads\/2022\/07\/283781702_451607766772637_3799694899925867203_n.jpg\" alt=\"\" class=\"wp-image-4529\" srcset=\"https:\/\/saleia.de\/wp-content\/uploads\/2022\/07\/283781702_451607766772637_3799694899925867203_n.jpg 1440w, https:\/\/saleia.de\/wp-content\/uploads\/2022\/07\/283781702_451607766772637_3799694899925867203_n-300x300.jpg 300w, https:\/\/saleia.de\/wp-content\/uploads\/2022\/07\/283781702_451607766772637_3799694899925867203_n-1021x1024.jpg 1021w, https:\/\/saleia.de\/wp-content\/uploads\/2022\/07\/283781702_451607766772637_3799694899925867203_n-150x150.jpg 150w, https:\/\/saleia.de\/wp-content\/uploads\/2022\/07\/283781702_451607766772637_3799694899925867203_n-768x770.jpg 768w, https:\/\/saleia.de\/wp-content\/uploads\/2022\/07\/283781702_451607766772637_3799694899925867203_n-533x533.jpg 533w\" sizes=\"auto, (max-width: 1440px) 100vw, 1440px\" \/><\/a><\/figure>\n\n\n\n<figure class=\"wp-block-image size-large\"><a href=\"http:\/\/saleia.de\/wp-content\/uploads\/2022\/07\/281465194_451607756772638_1180766347780135156_n.jpg\"><img loading=\"lazy\" decoding=\"async\" width=\"1440\" height=\"1444\" data-id=\"4531\" src=\"http:\/\/saleia.de\/wp-content\/uploads\/2022\/07\/281465194_451607756772638_1180766347780135156_n.jpg\" alt=\"\" class=\"wp-image-4531\" srcset=\"https:\/\/saleia.de\/wp-content\/uploads\/2022\/07\/281465194_451607756772638_1180766347780135156_n.jpg 1440w, https:\/\/saleia.de\/wp-content\/uploads\/2022\/07\/281465194_451607756772638_1180766347780135156_n-300x300.jpg 300w, https:\/\/saleia.de\/wp-content\/uploads\/2022\/07\/281465194_451607756772638_1180766347780135156_n-1021x1024.jpg 1021w, https:\/\/saleia.de\/wp-content\/uploads\/2022\/07\/281465194_451607756772638_1180766347780135156_n-150x150.jpg 150w, https:\/\/saleia.de\/wp-content\/uploads\/2022\/07\/281465194_451607756772638_1180766347780135156_n-768x770.jpg 768w, https:\/\/saleia.de\/wp-content\/uploads\/2022\/07\/281465194_451607756772638_1180766347780135156_n-533x533.jpg 533w\" sizes=\"auto, (max-width: 1440px) 100vw, 1440px\" \/><\/a><\/figure>\n\n\n\n<figure class=\"wp-block-image size-large\"><a href=\"http:\/\/saleia.de\/wp-content\/uploads\/2022\/07\/282377863_451607760105971_819787264480698581_n.jpg\"><img loading=\"lazy\" decoding=\"async\" width=\"1440\" height=\"1440\" data-id=\"4528\" src=\"http:\/\/saleia.de\/wp-content\/uploads\/2022\/07\/282377863_451607760105971_819787264480698581_n.jpg\" alt=\"\" class=\"wp-image-4528\" srcset=\"https:\/\/saleia.de\/wp-content\/uploads\/2022\/07\/282377863_451607760105971_819787264480698581_n.jpg 1440w, https:\/\/saleia.de\/wp-content\/uploads\/2022\/07\/282377863_451607760105971_819787264480698581_n-300x300.jpg 300w, https:\/\/saleia.de\/wp-content\/uploads\/2022\/07\/282377863_451607760105971_819787264480698581_n-1024x1024.jpg 1024w, https:\/\/saleia.de\/wp-content\/uploads\/2022\/07\/282377863_451607760105971_819787264480698581_n-150x150.jpg 150w, https:\/\/saleia.de\/wp-content\/uploads\/2022\/07\/282377863_451607760105971_819787264480698581_n-768x768.jpg 768w, https:\/\/saleia.de\/wp-content\/uploads\/2022\/07\/282377863_451607760105971_819787264480698581_n-533x533.jpg 533w, https:\/\/saleia.de\/wp-content\/uploads\/2022\/07\/282377863_451607760105971_819787264480698581_n-640x640.jpg 640w, https:\/\/saleia.de\/wp-content\/uploads\/2022\/07\/282377863_451607760105971_819787264480698581_n-864x864.jpg 864w\" sizes=\"auto, (max-width: 1440px) 100vw, 1440px\" \/><\/a><\/figure>\n\n\n\n<figure class=\"wp-block-image size-large\"><a href=\"http:\/\/saleia.de\/wp-content\/uploads\/2022\/07\/281432643_451607773439303_8854519208116421403_n.jpg\"><img loading=\"lazy\" decoding=\"async\" width=\"1440\" height=\"1444\" data-id=\"4530\" src=\"http:\/\/saleia.de\/wp-content\/uploads\/2022\/07\/281432643_451607773439303_8854519208116421403_n.jpg\" alt=\"\" class=\"wp-image-4530\" srcset=\"https:\/\/saleia.de\/wp-content\/uploads\/2022\/07\/281432643_451607773439303_8854519208116421403_n.jpg 1440w, https:\/\/saleia.de\/wp-content\/uploads\/2022\/07\/281432643_451607773439303_8854519208116421403_n-300x300.jpg 300w, https:\/\/saleia.de\/wp-content\/uploads\/2022\/07\/281432643_451607773439303_8854519208116421403_n-1021x1024.jpg 1021w, https:\/\/saleia.de\/wp-content\/uploads\/2022\/07\/281432643_451607773439303_8854519208116421403_n-150x150.jpg 150w, https:\/\/saleia.de\/wp-content\/uploads\/2022\/07\/281432643_451607773439303_8854519208116421403_n-768x770.jpg 768w, https:\/\/saleia.de\/wp-content\/uploads\/2022\/07\/281432643_451607773439303_8854519208116421403_n-533x533.jpg 533w\" sizes=\"auto, (max-width: 1440px) 100vw, 1440px\" \/><\/a><\/figure>\n\n\n\n<figure class=\"wp-block-image size-large\"><a href=\"http:\/\/saleia.de\/wp-content\/uploads\/2022\/07\/281376486_451607780105969_4033754420070359262_n.jpg\"><img loading=\"lazy\" decoding=\"async\" width=\"1440\" height=\"1440\" data-id=\"4533\" src=\"http:\/\/saleia.de\/wp-content\/uploads\/2022\/07\/281376486_451607780105969_4033754420070359262_n.jpg\" alt=\"\" class=\"wp-image-4533\" srcset=\"https:\/\/saleia.de\/wp-content\/uploads\/2022\/07\/281376486_451607780105969_4033754420070359262_n.jpg 1440w, https:\/\/saleia.de\/wp-content\/uploads\/2022\/07\/281376486_451607780105969_4033754420070359262_n-300x300.jpg 300w, https:\/\/saleia.de\/wp-content\/uploads\/2022\/07\/281376486_451607780105969_4033754420070359262_n-1024x1024.jpg 1024w, https:\/\/saleia.de\/wp-content\/uploads\/2022\/07\/281376486_451607780105969_4033754420070359262_n-150x150.jpg 150w, https:\/\/saleia.de\/wp-content\/uploads\/2022\/07\/281376486_451607780105969_4033754420070359262_n-768x768.jpg 768w, https:\/\/saleia.de\/wp-content\/uploads\/2022\/07\/281376486_451607780105969_4033754420070359262_n-533x533.jpg 533w, https:\/\/saleia.de\/wp-content\/uploads\/2022\/07\/281376486_451607780105969_4033754420070359262_n-640x640.jpg 640w, https:\/\/saleia.de\/wp-content\/uploads\/2022\/07\/281376486_451607780105969_4033754420070359262_n-864x864.jpg 864w\" sizes=\"auto, (max-width: 1440px) 100vw, 1440px\" \/><\/a><\/figure>\n\n\n\n<figure class=\"wp-block-image size-large\"><a href=\"http:\/\/saleia.de\/wp-content\/uploads\/2022\/07\/282870228_451607763439304_8338838375415681335_n.jpg\"><img loading=\"lazy\" decoding=\"async\" width=\"1440\" height=\"1440\" data-id=\"4534\" src=\"http:\/\/saleia.de\/wp-content\/uploads\/2022\/07\/282870228_451607763439304_8338838375415681335_n.jpg\" alt=\"\" class=\"wp-image-4534\" srcset=\"https:\/\/saleia.de\/wp-content\/uploads\/2022\/07\/282870228_451607763439304_8338838375415681335_n.jpg 1440w, https:\/\/saleia.de\/wp-content\/uploads\/2022\/07\/282870228_451607763439304_8338838375415681335_n-300x300.jpg 300w, https:\/\/saleia.de\/wp-content\/uploads\/2022\/07\/282870228_451607763439304_8338838375415681335_n-1024x1024.jpg 1024w, https:\/\/saleia.de\/wp-content\/uploads\/2022\/07\/282870228_451607763439304_8338838375415681335_n-150x150.jpg 150w, https:\/\/saleia.de\/wp-content\/uploads\/2022\/07\/282870228_451607763439304_8338838375415681335_n-768x768.jpg 768w, https:\/\/saleia.de\/wp-content\/uploads\/2022\/07\/282870228_451607763439304_8338838375415681335_n-533x533.jpg 533w, https:\/\/saleia.de\/wp-content\/uploads\/2022\/07\/282870228_451607763439304_8338838375415681335_n-640x640.jpg 640w, https:\/\/saleia.de\/wp-content\/uploads\/2022\/07\/282870228_451607763439304_8338838375415681335_n-864x864.jpg 864w\" sizes=\"auto, (max-width: 1440px) 100vw, 1440px\" \/><\/a><\/figure>\n<\/figure>\n","protected":false},"excerpt":{"rendered":"<p>Dank der talentierten Zeichnerin: The Lilli Bird Art (www.thelillibird.art), die Saleia einige Bilder w\u00e4hrend ihres 24h Streams auf Twitch entworfen hat, gibt es nun einen Shop, wo ihr Merchandise von Saleia kaufen k\u00f6nnt. StreamElements Merch Wenn ihr etwas bei StreamElements w\u00e4hrend Saleia&#8217;s Streams bestellt, werdet &hellip; <a href=\"https:\/\/saleia.de\/?page_id=4031\" class=\"more-link\"><span>Continue reading<span class=\"screen-reader-text\">Merchandise<\/span><\/span><\/a><\/p>\n","protected":false},"author":1,"featured_media":0,"parent":0,"menu_order":0,"comment_status":"closed","ping_status":"closed","template":"","meta":{"footnotes":""},"class_list":["post-4031","page","type-page","status-publish","hentry"],"_links":{"self":[{"href":"https:\/\/saleia.de\/index.php?rest_route=\/wp\/v2\/pages\/4031","targetHints":{"allow":["GET"]}}],"collection":[{"href":"https:\/\/saleia.de\/index.php?rest_route=\/wp\/v2\/pages"}],"about":[{"href":"https:\/\/saleia.de\/index.php?rest_route=\/wp\/v2\/types\/page"}],"author":[{"embeddable":true,"href":"https:\/\/saleia.de\/index.php?rest_route=\/wp\/v2\/users\/1"}],"replies":[{"embeddable":true,"href":"https:\/\/saleia.de\/index.php?rest_route=%2Fwp%2Fv2%2Fcomments&post=4031"}],"version-history":[{"count":22,"href":"https:\/\/saleia.de\/index.php?rest_route=\/wp\/v2\/pages\/4031\/revisions"}],"predecessor-version":[{"id":4537,"href":"https:\/\/saleia.de\/index.php?rest_route=\/wp\/v2\/pages\/4031\/revisions\/4537"}],"wp:attachment":[{"href":"https:\/\/saleia.de\/index.php?rest_route=%2Fwp%2Fv2%2Fmedia&parent=4031"}],"curies":[{"name":"wp","href":"https:\/\/api.w.org\/{rel}","templated":true}]}}