{"id":3751,"date":"2020-07-05T12:33:07","date_gmt":"2020-07-05T12:33:07","guid":{"rendered":"http:\/\/saleia.de\/?page_id=3751"},"modified":"2023-12-11T00:15:27","modified_gmt":"2023-12-11T00:15:27","slug":"bookings","status":"publish","type":"page","link":"https:\/\/saleia.de\/?page_id=3751","title":{"rendered":"BOOKINGS"},"content":{"rendered":"\n<p>Ihr sucht f\u00fcr euren Kindergeburtstag eine Prinzessin? Oder vielleicht eine S\u00e4ngerin f\u00fcr eure Hochzeit, ein Kunden-Event oder Promotion?<\/p>\n\n\n\n<p>Gerne k\u00f6nnt ihr eure Anfrage an folgender E-Mail Adresse senden: <strong>info@saleia.de<\/strong><\/p>\n\n\n\n<h4 class=\"wp-block-heading\"><strong>Kindergeburtstags-Paket<\/strong><\/h4>\n\n\n\n<p>Dauer des Besuchs: 60 Minuten (weitere Stunden sind verhandelbar)<br>Raum NRW (Anreisekosten bis 1 Stunde Fahrtzeit inkl., ansonsten verhandelbar)<\/p>\n\n\n\n<ul class=\"wp-block-list\">\n<li>Gesang f\u00fcr ca. 10 Min.<\/li>\n\n\n\n<li>Kinderschminken oder Glitzertattoos<\/li>\n\n\n\n<li>Magische Fotos mit Prinzessin Saleia (Gruppen- &amp; Einzelfotos)<\/li>\n\n\n\n<li>Tanzen<\/li>\n\n\n\n<li>Fragen &amp; Antworten<\/li>\n\n\n\n<li>Eine Autogrammkarte f\u00fcr das Geburtstagskind<\/li>\n\n\n\n<li>Ein kleines Pr\u00e4sent f\u00fcr das Geburtstagskind<\/li>\n\n\n\n<li>Vorlesen einer Geschichte<\/li>\n\n\n\n<li>evtl. Kinderspiele wie Fangen, Verstecken oder andere Spiele<\/li>\n\n\n\n<li>evtl. Kr\u00f6nung des Geburtstagskindes<\/li>\n\n\n\n<li>weitere W\u00fcnsche nach individueller Absprache<\/li>\n<\/ul>\n\n\n\n<h4 class=\"wp-block-heading\"><strong>PREIS: \u20ac 170.-&nbsp;<\/strong><\/h4>\n\n\n\n<p>Mail: info@saleia.de<\/p>\n\n\n\n<h4 class=\"wp-block-heading\" id=\"mce_3\"><strong>Vorbereitung Kindergeburtstage<\/strong><\/h4>\n\n\n\n<figure class=\"wp-block-gallery has-nested-images columns-default is-cropped wp-block-gallery-1 is-layout-flex wp-block-gallery-is-layout-flex\">\n<figure class=\"wp-block-image size-large\"><img decoding=\"async\" data-id=\"2959\" src=\"http:\/\/its-princess-time.com\/wp-content\/uploads\/2019\/02\/51491121_1872119206250907_7474024143432712192_n.jpg\" alt=\"\" class=\"wp-image-2959\"\/><figcaption class=\"wp-element-caption\"><br>Komplett-Paket<\/figcaption><\/figure>\n\n\n\n<figure class=\"wp-block-image size-large\"><img decoding=\"async\" data-id=\"2963\" src=\"http:\/\/its-princess-time.com\/wp-content\/uploads\/2019\/02\/52432279_1872119209584240_7176040411947859968_n.jpg\" alt=\"\" class=\"wp-image-2963\"\/><figcaption class=\"wp-element-caption\">Glitzertattoos<\/figcaption><\/figure>\n\n\n\n<figure class=\"wp-block-image size-large\"><img decoding=\"async\" data-id=\"2958\" src=\"http:\/\/its-princess-time.com\/wp-content\/uploads\/2019\/02\/51311762_1872119316250896_4661020873237463040_n.jpg\" alt=\"\" class=\"wp-image-2958\"\/><figcaption class=\"wp-element-caption\">Schminke<\/figcaption><\/figure>\n\n\n\n<figure class=\"wp-block-image size-large\"><img decoding=\"async\" data-id=\"2961\" src=\"http:\/\/its-princess-time.com\/wp-content\/uploads\/2019\/02\/51768478_1872119252917569_8565772677950734336_n.jpg\" alt=\"\" class=\"wp-image-2961\"\/><figcaption class=\"wp-element-caption\">Geschenke<\/figcaption><\/figure>\n\n\n\n<figure class=\"wp-block-image size-large\"><img decoding=\"async\" data-id=\"2962\" src=\"http:\/\/its-princess-time.com\/wp-content\/uploads\/2019\/02\/51942471_1872119262917568_6045087789614104576_n.jpg\" alt=\"\" class=\"wp-image-2962\"\/><figcaption class=\"wp-element-caption\">Autogrammkarten<\/figcaption><\/figure>\n\n\n\n<figure class=\"wp-block-image size-large\"><img decoding=\"async\" data-id=\"2960\" src=\"http:\/\/its-princess-time.com\/wp-content\/uploads\/2019\/02\/51585633_1872119312917563_5189203057807720448_n.jpg\" alt=\"\" class=\"wp-image-2960\"\/><figcaption class=\"wp-element-caption\">Musik<\/figcaption><\/figure>\n<\/figure>\n\n\n\n<figure class=\"wp-block-image size-large\"><img loading=\"lazy\" decoding=\"async\" width=\"1024\" height=\"768\" src=\"http:\/\/saleia.de\/wp-content\/uploads\/2020\/07\/0F33FEA8-FBAE-4E9B-BE8D-92C01B82C075-1024x768.jpeg\" alt=\"\" class=\"wp-image-3758\" srcset=\"https:\/\/saleia.de\/wp-content\/uploads\/2020\/07\/0F33FEA8-FBAE-4E9B-BE8D-92C01B82C075-1024x768.jpeg 1024w, https:\/\/saleia.de\/wp-content\/uploads\/2020\/07\/0F33FEA8-FBAE-4E9B-BE8D-92C01B82C075-300x225.jpeg 300w, https:\/\/saleia.de\/wp-content\/uploads\/2020\/07\/0F33FEA8-FBAE-4E9B-BE8D-92C01B82C075-768x576.jpeg 768w, https:\/\/saleia.de\/wp-content\/uploads\/2020\/07\/0F33FEA8-FBAE-4E9B-BE8D-92C01B82C075-1536x1152.jpeg 1536w, https:\/\/saleia.de\/wp-content\/uploads\/2020\/07\/0F33FEA8-FBAE-4E9B-BE8D-92C01B82C075.jpeg 1600w\" sizes=\"auto, (max-width: 1024px) 100vw, 1024px\" \/><figcaption class=\"wp-element-caption\">Kindergeburtstag Maya, Euskirchen<\/figcaption><\/figure>\n\n\n\n<p><strong>Hochzeits-Paket<\/strong><\/p>\n\n\n\n<p>Dauer des Besuchs: ca. 30 Minuten (weitere Stunden sind verhandelbar)<br>Raum NRW (Anreisekosten bis 1 Stunde Fahrtzeit inkl., ansonsten verhandelbar)<\/p>\n\n\n\n<ul class=\"wp-block-list\">\n<li>Gesang w\u00e4hrend der Trauung (ca. 1-3 Lieder)<\/li>\n<\/ul>\n\n\n\n<h4 class=\"wp-block-heading\"><strong>PREIS: \u20ac 70.-&nbsp;pro Lied<\/strong><\/h4>\n\n\n\n<ul class=\"wp-block-list\">\n<li>Gesang w\u00e4hrend der Party (Pauschalpreis f\u00fcr 8 Lieder)<\/li>\n<\/ul>\n\n\n\n<h4 class=\"wp-block-heading\"><strong>PREIS: \u20ac 350.-&nbsp;<\/strong><\/h4>\n\n\n\n<ul class=\"wp-block-list\">\n<li>weitere W\u00fcnsche nach individueller Absprache<\/li>\n<\/ul>\n\n\n\n<figure class=\"wp-block-image size-large\"><img loading=\"lazy\" decoding=\"async\" width=\"1024\" height=\"681\" src=\"http:\/\/saleia.de\/wp-content\/uploads\/2020\/07\/Bildschirmfoto-2018-05-28-um-00.25.25-1024x681.png\" alt=\"\" class=\"wp-image-3760\" srcset=\"https:\/\/saleia.de\/wp-content\/uploads\/2020\/07\/Bildschirmfoto-2018-05-28-um-00.25.25-1024x681.png 1024w, https:\/\/saleia.de\/wp-content\/uploads\/2020\/07\/Bildschirmfoto-2018-05-28-um-00.25.25-300x200.png 300w, https:\/\/saleia.de\/wp-content\/uploads\/2020\/07\/Bildschirmfoto-2018-05-28-um-00.25.25-768x511.png 768w, https:\/\/saleia.de\/wp-content\/uploads\/2020\/07\/Bildschirmfoto-2018-05-28-um-00.25.25.png 1243w\" sizes=\"auto, (max-width: 1024px) 100vw, 1024px\" \/><\/figure>\n\n\n\n<p><strong>Konzert-Event-Paket<\/strong><\/p>\n\n\n\n<p>Dauer des Besuchs: ca. 120 Minuten (weitere Stunden sind verhandelbar)<br>Raum NRW (Anreisekosten bis 1 Stunde Fahrtzeit inkl., ansonsten verhandelbar)<\/p>\n\n\n\n<ul class=\"wp-block-list\">\n<li>Gesang f\u00fcr ca. 30 Min.<\/li>\n\n\n\n<li>anschlie\u00dfende Fotos mit Saleia &amp; evtl. weitere freiberufliche K\u00fcnstlerinnen (Gruppen- &amp; Einzelfotos) f\u00fcr ca. 90 Min.<\/li>\n\n\n\n<li>Fragen &amp; Antworten<\/li>\n\n\n\n<li>weitere W\u00fcnsche nach individueller Absprache<\/li>\n<\/ul>\n\n\n\n<h4 class=\"wp-block-heading\"><strong>PREIS: \u20ac 350.-&nbsp;<\/strong><\/h4>\n\n\n\n<figure class=\"wp-block-image size-large\"><img loading=\"lazy\" decoding=\"async\" width=\"1024\" height=\"682\" src=\"http:\/\/saleia.de\/wp-content\/uploads\/2020\/07\/BestOf_-52-1024x682.jpg\" alt=\"\" class=\"wp-image-3759\" srcset=\"https:\/\/saleia.de\/wp-content\/uploads\/2020\/07\/BestOf_-52-1024x682.jpg 1024w, https:\/\/saleia.de\/wp-content\/uploads\/2020\/07\/BestOf_-52-300x200.jpg 300w, https:\/\/saleia.de\/wp-content\/uploads\/2020\/07\/BestOf_-52-768x512.jpg 768w, https:\/\/saleia.de\/wp-content\/uploads\/2020\/07\/BestOf_-52.jpg 1280w\" sizes=\"auto, (max-width: 1024px) 100vw, 1024px\" \/><figcaption class=\"wp-element-caption\">Kinderfest LEV-Spielt 2019, Leverkusen<\/figcaption><\/figure>\n","protected":false},"excerpt":{"rendered":"<p>Ihr sucht f\u00fcr euren Kindergeburtstag eine Prinzessin? Oder vielleicht eine S\u00e4ngerin f\u00fcr eure Hochzeit, ein Kunden-Event oder Promotion? Gerne k\u00f6nnt ihr eure Anfrage an folgender E-Mail Adresse senden: info@saleia.de Kindergeburtstags-Paket Dauer des Besuchs: 60 Minuten (weitere Stunden sind verhandelbar)Raum NRW (Anreisekosten bis 1 Stunde Fahrtzeit &hellip; <a href=\"https:\/\/saleia.de\/?page_id=3751\" class=\"more-link\"><span>Continue reading<span class=\"screen-reader-text\">BOOKINGS<\/span><\/span><\/a><\/p>\n","protected":false},"author":1,"featured_media":0,"parent":0,"menu_order":0,"comment_status":"closed","ping_status":"closed","template":"","meta":{"footnotes":""},"class_list":["post-3751","page","type-page","status-publish","hentry"],"_links":{"self":[{"href":"https:\/\/saleia.de\/index.php?rest_route=\/wp\/v2\/pages\/3751","targetHints":{"allow":["GET"]}}],"collection":[{"href":"https:\/\/saleia.de\/index.php?rest_route=\/wp\/v2\/pages"}],"about":[{"href":"https:\/\/saleia.de\/index.php?rest_route=\/wp\/v2\/types\/page"}],"author":[{"embeddable":true,"href":"https:\/\/saleia.de\/index.php?rest_route=\/wp\/v2\/users\/1"}],"replies":[{"embeddable":true,"href":"https:\/\/saleia.de\/index.php?rest_route=%2Fwp%2Fv2%2Fcomments&post=3751"}],"version-history":[{"count":5,"href":"https:\/\/saleia.de\/index.php?rest_route=\/wp\/v2\/pages\/3751\/revisions"}],"predecessor-version":[{"id":4798,"href":"https:\/\/saleia.de\/index.php?rest_route=\/wp\/v2\/pages\/3751\/revisions\/4798"}],"wp:attachment":[{"href":"https:\/\/saleia.de\/index.php?rest_route=%2Fwp%2Fv2%2Fmedia&parent=3751"}],"curies":[{"name":"wp","href":"https:\/\/api.w.org\/{rel}","templated":true}]}}