{"id":3522,"date":"2019-07-17T13:38:51","date_gmt":"2019-07-17T13:38:51","guid":{"rendered":"http:\/\/saleia.de\/?page_id=3522"},"modified":"2022-03-08T00:13:12","modified_gmt":"2022-03-08T00:13:12","slug":"livestreams","status":"publish","type":"page","link":"https:\/\/saleia.de\/?page_id=3522","title":{"rendered":"LIVESTREAMS"},"content":{"rendered":"\n<p class=\"has-text-align-center\">Besucht <strong>SaleiaLive<\/strong> bei ihren Games-, Cosplay,- und Konzert-Livestreams auf <strong><a rel=\"noreferrer noopener\" aria-label=\"Twitch (\u00f6ffnet in neuem Tab)\" href=\"https:\/\/www.twitch.tv\/saleialive\" target=\"_blank\">Twitch<\/a><\/strong> und supported sie im Chat mit Feedback, Lichtsteinen, Bits &amp; <strong><a rel=\"noreferrer noopener\" aria-label=\"Trinkgeld (\u00f6ffnet in neuem Tab)\" href=\"https:\/\/www.tipeeestream.com\/saleialive\/donation\" target=\"_blank\">Trinkgeld<\/a><\/strong>. Drei bis vier Mal die Woche ist sie f\u00fcr euch live. Ihre Streaming-Pl\u00e4ne k\u00f6nnt ihr in ihren Instagram Stories oder auf ihrem Discord Channel einsehen: <strong><a rel=\"noreferrer noopener\" href=\"https:\/\/discord.com\/invite\/S3tamMDbmK\" target=\"_blank\">Discord<\/a>.<\/strong><\/p>\n\n\n\n<figure class=\"wp-block-image size-large\"><a href=\"https:\/\/www.twitch.tv\/saleialive\" target=\"_blank\" rel=\"noopener\"><img loading=\"lazy\" decoding=\"async\" width=\"1024\" height=\"543\" src=\"http:\/\/saleia.de\/wp-content\/uploads\/2022\/03\/Unbenannt-5-1024x543.jpg\" alt=\"\" class=\"wp-image-4259\" srcset=\"https:\/\/saleia.de\/wp-content\/uploads\/2022\/03\/Unbenannt-5-1024x543.jpg 1024w, https:\/\/saleia.de\/wp-content\/uploads\/2022\/03\/Unbenannt-5-300x159.jpg 300w, https:\/\/saleia.de\/wp-content\/uploads\/2022\/03\/Unbenannt-5-768x407.jpg 768w, https:\/\/saleia.de\/wp-content\/uploads\/2022\/03\/Unbenannt-5-1536x814.jpg 1536w, https:\/\/saleia.de\/wp-content\/uploads\/2022\/03\/Unbenannt-5.jpg 1621w\" sizes=\"auto, (max-width: 1024px) 100vw, 1024px\" \/><\/a><\/figure>\n\n\n\n<p class=\"has-text-align-center\"><strong>LIVESTREAM verpasst? Kein Problem: die Highlights werden des \u00d6fteren bei Saleia auf YouTube hochgeladen.<\/strong><\/p>\n\n\n\n<figure class=\"wp-block-embed is-type-video is-provider-youtube wp-block-embed-youtube wp-embed-aspect-16-9 wp-has-aspect-ratio\"><div class=\"wp-block-embed__wrapper\">\n<iframe loading=\"lazy\" title=\"LET&#039;S PLAYS\" width=\"756\" height=\"425\" src=\"https:\/\/www.youtube.com\/embed\/videoseries?list=PLWa40ZFEJXvsWVoWhc8Can8MOIPPzO0WB\" frameborder=\"0\" allow=\"accelerometer; autoplay; clipboard-write; encrypted-media; gyroscope; picture-in-picture\" allowfullscreen><\/iframe>\n<\/div><\/figure>\n","protected":false},"excerpt":{"rendered":"<p>Besucht SaleiaLive bei ihren Games-, Cosplay,- und Konzert-Livestreams auf Twitch und supported sie im Chat mit Feedback, Lichtsteinen, Bits &amp; Trinkgeld. Drei bis vier Mal die Woche ist sie f\u00fcr euch live. Ihre Streaming-Pl\u00e4ne k\u00f6nnt ihr in ihren Instagram Stories oder auf ihrem Discord Channel &hellip; <a href=\"https:\/\/saleia.de\/?page_id=3522\" class=\"more-link\"><span>Continue reading<span class=\"screen-reader-text\">LIVESTREAMS<\/span><\/span><\/a><\/p>\n","protected":false},"author":1,"featured_media":0,"parent":0,"menu_order":0,"comment_status":"closed","ping_status":"closed","template":"","meta":{"footnotes":""},"class_list":["post-3522","page","type-page","status-publish","hentry"],"_links":{"self":[{"href":"https:\/\/saleia.de\/index.php?rest_route=\/wp\/v2\/pages\/3522","targetHints":{"allow":["GET"]}}],"collection":[{"href":"https:\/\/saleia.de\/index.php?rest_route=\/wp\/v2\/pages"}],"about":[{"href":"https:\/\/saleia.de\/index.php?rest_route=\/wp\/v2\/types\/page"}],"author":[{"embeddable":true,"href":"https:\/\/saleia.de\/index.php?rest_route=\/wp\/v2\/users\/1"}],"replies":[{"embeddable":true,"href":"https:\/\/saleia.de\/index.php?rest_route=%2Fwp%2Fv2%2Fcomments&post=3522"}],"version-history":[{"count":13,"href":"https:\/\/saleia.de\/index.php?rest_route=\/wp\/v2\/pages\/3522\/revisions"}],"predecessor-version":[{"id":4331,"href":"https:\/\/saleia.de\/index.php?rest_route=\/wp\/v2\/pages\/3522\/revisions\/4331"}],"wp:attachment":[{"href":"https:\/\/saleia.de\/index.php?rest_route=%2Fwp%2Fv2%2Fmedia&parent=3522"}],"curies":[{"name":"wp","href":"https:\/\/api.w.org\/{rel}","templated":true}]}}