{"id":2,"date":"2014-11-21T04:51:49","date_gmt":"2014-11-21T04:51:49","guid":{"rendered":"http:\/\/localhost\/wordpress-4.0.1\/wordpress\/?page_id=2"},"modified":"2021-03-02T14:01:10","modified_gmt":"2021-03-02T14:01:10","slug":"biography","status":"publish","type":"page","link":"https:\/\/saleia.de\/?page_id=2","title":{"rendered":"Biography"},"content":{"rendered":"<p><strong><a href=\"http:\/\/saleia.de\/wp-content\/uploads\/2018\/04\/30705685_1757712857615834_1568715643560132608_n.jpg\"><img loading=\"lazy\" decoding=\"async\" class=\"alignnone size-full wp-image-2590\" src=\"http:\/\/saleia.de\/wp-content\/uploads\/2018\/04\/30705685_1757712857615834_1568715643560132608_n.jpg\" alt=\"\" width=\"3546\" height=\"2000\" srcset=\"https:\/\/saleia.de\/wp-content\/uploads\/2018\/04\/30705685_1757712857615834_1568715643560132608_n.jpg 3546w, https:\/\/saleia.de\/wp-content\/uploads\/2018\/04\/30705685_1757712857615834_1568715643560132608_n-300x169.jpg 300w, https:\/\/saleia.de\/wp-content\/uploads\/2018\/04\/30705685_1757712857615834_1568715643560132608_n-768x433.jpg 768w, https:\/\/saleia.de\/wp-content\/uploads\/2018\/04\/30705685_1757712857615834_1568715643560132608_n-1024x578.jpg 1024w\" sizes=\"auto, (max-width: 3546px) 100vw, 3546px\" \/><\/a><\/strong><\/p>\n<p><strong>Saleia<\/strong> ist eine S\u00e4ngerin, die schon in ihren Kindheitstagen im Laufstall fleissig die H\u00fcften geschwungen hat. Das Mikro woll<span class=\"text_exposed_show\">te sie damals nie los lassen und in jeder freien Minute h\u00f6rte man sie singen &#8211; sei es unter der Dusche, im Auto oder sogar heimlich beim Schlafen. Sie lie\u00df keinen Moment still vergehen.<\/span><\/p>\n<p>W\u00e4hrend der fortf\u00fchrenden Schulausbildung verlor sie jedoch durch Mobbing und viele anderen Geschehnissen zwei Jahre den Glauben an die Hoffnung. Sie war versch\u00fcchtert, entt\u00e4uscht und wollte sich nur noch im Hause verstecken &#8211; bis ihr heimlicher Idol Brian Littrell von den <strong>Backstreet Boys<\/strong> sie auf einem Konzert 1999 mit seinen Texten ins Licht zur\u00fcck holte. &#8222;Diesen Moment werde ich nie vergessen, als er &#8222;The One&#8220; gesungen hatte.&#8220; l\u00e4chelte sie in sich hinein und zappelte aufgeregt mit ihren F\u00fc\u00dfen herum. Noch aufgeregter war sie als sie ihm dann pl\u00f6tzlich 2012 gegen\u00fcber stand, um ihm endlich Danke sagen zu k\u00f6nnen. &#8222;Brian hat mich mit seinen Texten in der Vergangenheit aus meinem Tief herausgeholt. Da erkannte ich wie die Musik einem Menschen helfen kann, wie viel Hoffnung ein Lied einem Menschen schenken kann.&#8220;<\/p>\n<p>Nach diesem Ereignis wurde sie von ihrem Religionslehrer Freitag Abends in einem <strong>Kirchenchor<\/strong> gesteckt, der sie ermahnte sonst keine guten Noten zu bekommen. Sie erinnert sich und lacht: &#8222;Und obwohl ich dachte ich h\u00e4tte mit 16 Freitag Abends etwas anderes zu tun, hat mich der Chorleiter der St. Otger Kirche ziemlich schnell \u00fcberzeugen k\u00f6nnen zu bleiben.&#8220; Die vielen Proben und Messen in der Kirche bereiten ihr auch heute noch sehr viel Freude. &#8222;Die Gruppe ist einfach so super lieb und das Gef\u00fchl mit allen in einer Kirche zu singen einfach unbeschreiblich sch\u00f6n.&#8220;<\/p>\n<p>Irgendwann fing sie dann selber an Lieder zu schreiben. &#8222;Als ich mich das erste mal so richtig verliebte konnte mich die Muse nicht mehr aufhalten&#8220;, lacht sie erneut. &#8222;Nein, im Ernst, die Situationen die man so erlebte kamen mir irgendwie zur Hand&#8230;&#8220; Und so kam es, dass sie Dank ihrer ersten unerf\u00fcllten Liebe den ersten Platz im niederl\u00e4ndischen <strong>Feelings-Song-Contest 2004<\/strong> mit ihrem selbstgeschriebenen Song &#8222;Nothing Happen&#8220; erworben hatte. &#8222;Das hat mich wahnsinnig umgehauen, weil ich damit niemals gerechnet h\u00e4tte.&#8220;<\/p>\n<p><a href=\"http:\/\/saleia.de\/wp-content\/uploads\/2014\/11\/1.-Are-you-said-Saleia.jpg\"><img loading=\"lazy\" decoding=\"async\" class=\" size-full wp-image-100 aligncenter\" src=\"http:\/\/saleia.de\/wp-content\/uploads\/2014\/11\/1.-Are-you-said-Saleia.jpg\" alt=\"1. Are you said? - Saleia\" width=\"548\" height=\"252\" srcset=\"https:\/\/saleia.de\/wp-content\/uploads\/2014\/11\/1.-Are-you-said-Saleia.jpg 548w, https:\/\/saleia.de\/wp-content\/uploads\/2014\/11\/1.-Are-you-said-Saleia-300x138.jpg 300w\" sizes=\"auto, (max-width: 548px) 100vw, 548px\" \/><\/a><\/p>\n<p>Nach ihrem erhaltenen erfolgreichen Abitur in 2007 setzte sich ihr musikalischer Weg fort und sie trat als Fronts\u00e4ngerin der damaligen <strong>Reaggea-Band &#8222;Love, Sex and Motion&#8220;<\/strong> bei, kurz daraufhin wurde ihr der Part einer Hintergrunds\u00e4ngerin in der <strong>Rhythm &amp; Blues-Band &#8222;King Size Clan&#8220;<\/strong> angeboten mit der sie in 2011 als Vorband von Joe Cocker auftrat und auch heute noch auf kleine Touren geht. Die erste Band verlie\u00df sie nach zwei Jahren, weil es ihr beruflicher Werdegang als &#8222;Gro\u00df- und Au\u00dfenhandelskauffrau im Verkauf Export&#8220; nicht mehr erm\u00f6glichte.<\/p>\n<p>In 2009 wurde sie Mitglied der <strong>Frelichtb\u00fchne in Coesfeld<\/strong>. &#8222;Ich wollte gar nicht glauben, dass es solch eine ehrenamtliche T\u00e4tigkeit geben w\u00fcrde. Ich dachte man m\u00fcsste eine Ausbildung f\u00fcr so etwas haben.&#8220; Ihre feste Abitur-Freundin Verena K. \u00fcberzeugte sie im sp\u00e4ten Winter 2008 von dem Gegenteil und sie bewarb sich an der Freilichtb\u00fchne Coesfeld als Musicaldarstellerin, wo sie von engagierten Regisseuren, ausgebildeten Musik- und Tanzlehrern lernte Musik, Tanz und Schauspiel miteinander zu verbinden.<br \/>\nEs begann 2009 mit Vanity Fair (Amy Greenwood, Ensemble, Abendst\u00fcck) und folgte mit Aladdin &amp; die Wunderlampe (Suleika, Freundin der Prinzessin Amina, Winterm\u00e4rchen 2010), Simba &#8211; der K\u00f6nig der L\u00f6wen (Sarabi, Mutter von Simba, Familienst\u00fcck 2011), Der kleine Lord (Betty, das Hausm\u00e4dchen, Winterm\u00e4rchen 2011) und 2012: Der Gro\u00dfe Gatsby (Spy Girl Velma, Abendst\u00fcck).<br \/>\nIm Jahr 2013 hat sie in dem Abendst\u00fcck <strong>HAIR<\/strong> die Hauptrolle der Sheila Franklin bekommen. &#8222;Ich f\u00fchle mich sehr geehrt diese Rolle mit eingespielten ehrenamtlichen Schauspielern spielen zu d\u00fcrfen und kann es auch jetzt noch nicht glauben.&#8220;<\/p>\n<p>Neben den vielen aktiven Besch\u00e4ftigungen hat sie allerdings noch eine andere Vorliebe in ihrer Kindheit entdeckt: Das <strong>Cosplayen<\/strong> von diversen verschiedenen Anime-Charakteren und Film-Darstellern. Sie erkl\u00e4rt: &#8222;Es gibt in Deutschland verteilt sehr viele Anime-Conventions an denen man sich als seinen Lieblingscharakter verkleiden kann. Die Cosplays werden gr\u00f6\u00dftenteils alle per Hand gen\u00e4ht. Man kann es mit Karneval vergleichen, aber mit Stil, denn dort nimmt man das Hobby sehr ernst. Es ist als st\u00e4nde man die ganze Zeit auf einer gro\u00dfen weiten B\u00fchne mit vielen bunten Charakteren.&#8220;<\/p>\n<p>So begann sie irgendwann ihren eigenen <strong>Youtube-Channel<\/strong> aufzubauen der viele Covers ihrer Lieblings-S\u00e4ngerinnen Adele, Rihanna oder Rosenstolz beinhaltet, aber auch ihre selbsterdachten Songtexte in Verbindung mit Animes pr\u00e4sentiert. &#8222;Ich liebe es Texte zu schreiben&#8230;&#8220; schw\u00e4rmt sie verlegen. Der Songtitel aus Tsubasa Chronicle &#8222;Ameni&#8220; wurde von Saleia zu &#8222;Tief in mir&#8220; &#8211; selbst geschrieben, selbst aufgenommen und gesungen. Viele andere Titel befinden sich auf Ihrer Youtube-Seite.<\/p>\n<p><a href=\"http:\/\/saleia.de\/wp-content\/uploads\/2015\/02\/IMG_4907.jpg\"><img loading=\"lazy\" decoding=\"async\" class=\"alignnone size-full wp-image-1953\" src=\"http:\/\/saleia.de\/wp-content\/uploads\/2015\/02\/IMG_4907.jpg\" alt=\"\" width=\"1563\" height=\"1044\" srcset=\"https:\/\/saleia.de\/wp-content\/uploads\/2015\/02\/IMG_4907.jpg 1563w, https:\/\/saleia.de\/wp-content\/uploads\/2015\/02\/IMG_4907-300x200.jpg 300w, https:\/\/saleia.de\/wp-content\/uploads\/2015\/02\/IMG_4907-768x513.jpg 768w, https:\/\/saleia.de\/wp-content\/uploads\/2015\/02\/IMG_4907-1024x684.jpg 1024w\" sizes=\"auto, (max-width: 1563px) 100vw, 1563px\" \/><\/a><\/p>\n<p>Im Ende des Jahres 2012 wurde die Anime-Convention &#8222;Yukon&#8220; auf die S\u00e4ngerin aufmerksam. &#8222;Ich wurde durch eine Freundin\u00a0ohne meines Wissens der Organisatorin der Yukon-Messe vorgestellt und wurde angeschrieben.&#8220; Dort durfte Sie ihr eigen erdachtes Tsubasa Chronicle Musical &#8222;Memories&#8220; zum ersten Mal auff\u00fchren. So begann ihre Reise durch die Zeit auf diverse Conventions Deutschlands.<\/p>\n<p>Im Jahr 2013 machte sie sich bereit ein neues Musical-Projekt namens &#8222;Believe In Love&#8220; zu gr\u00fcnden. Der Disney Film &#8222;Die Eisk\u00f6nigin&#8220; faszinierte sie au\u00dferdem dazu zum ersten Mal ein Cosplay komplett selbst zu n\u00e4hen. Ihre Schwester <strong>Eressea<\/strong>, die sie im Jahr 2013 ebenfalls kennenlernte half ihr dabei. &#8222;Es war ein magischer Moment sie kennengelernt zu haben.&#8220;, erinnert sie sich freudig. &#8222;Sie ist meine Schwester nach der ich solang gesucht habe!&#8220;<\/p>\n<p>Doch die Ideen in Saleia&#8217;s Gedanken wurden nicht weniger. Nach ihrem Umzug in die Gro\u00dfstadt wollte sie mehrere K\u00fcnstler der B\u00fchnen vereinen und vor allen Dingen auch n\u00e4her kennen lernen. &#8222;Ich finde es schade, dass sich alle K\u00fcnstler hinter der B\u00fchne nur fl\u00fcchtig sehen k\u00f6nnen, weil jeder in seinen eigenen Vorbereitungen steckt.&#8220; Deswegen nahm sie es sich vor eine Gruppe bekannter Showacts der Szene miteinander zu verbinden, um ein gemeinsames &#8222;Super-Bravo-Konzert&#8220; auf die B\u00fchne zu bringen: <strong>COVARA<\/strong> wurde erschaffen und ging 2015 das erste\u00a0Mal auf die B\u00fchne. Saleia leitet das Casting, f\u00fchrt Regie und moderiert zusammen mit ihrer Schwester Elsa das Konzept mit schauspielerischen Sketchen. &#8222;Ein kunterbunter Haufen verschiedener K\u00fcnstler, S\u00e4nger und Gruppen &#8211; diese alle\u00a0kennen zu lernen war mir eine gro\u00dfe Freude und wir hatten w\u00e4hrend den Proben sehr viel Spa\u00df! Und das was mich am meisten freut ist der stetige Kontakt zu allen.&#8220;<\/p>\n<p>So lernte sie auch eine weitere super gute Freundin wie <strong>Julia Koep<\/strong> kennen. Diese beiden gehen durch dick und d\u00fcnn und reisen durch Zeiten in Vergangenheit und Zukunft. Julia Koep ist ein Youtube-Star und geht auch heute noch sehr viel mit Saleia auf die B\u00fchne oder dreht verr\u00fcckte Videos. &#8222;Alleine zu singen macht ja auch nicht soviel Spa\u00df! Zu zweit ist alles sch\u00f6ner!&#8220;, lacht Saleia und ahmt die Worte Julia Koep nach. In Life is Strange fanden sie ein Spiel welches sie verbindet. &#8222;Cola ist Cola, individuell, lustig, charmant und man kann mit ihr Pferde stehlen.&#8220;<\/p>\n<p>Eine weitere besondere Begegnung fand Saleia in dem <strong>Weihnachtsball-Projekt &#8222;Mahou No Yoru&#8220;<\/strong>. Sie leitet u.a. das B\u00fchnenprogramm und lernte im ersten Jahr das wundervolle Maskottchen von <strong>Sailor Moon German<\/strong> kennen: Desi. &#8222;Es war als w\u00e4ren wir vor der Geburt getrennt worden&#8220;, lacht sie verlegen und f\u00fcgt hinzu &#8222;Als ich Desi in dem Mondprinzessinnen-Kleid vor mir sah hatte ich solche G\u00e4nsehaut. Mir kam auf einmal meine ganze Kindheit wieder hoch, denn mit Sailor Moon bin ich damals gro\u00df\u00a0geworden.&#8220; Ziemlich schnell bemerkten beide wie sehr sie sich \u00e4hneln und auch erg\u00e4nzen. Desi fragte Saleia des \u00d6fteren, ob sie nicht Lust h\u00e4tte bei einigen Arrangements von Sailor Moon German mitzuwirken. Gesagt, getan! Die Musik, die sie beide nun leben, verbinden sie mit der Band <strong>Harmoonics<\/strong>. Der talentierte Gitarrist und Entertainer Dom, bekannt von der Band &#8222;Ongaku No Kara&#8220; begleitet die beiden in der neuen Zeit. &#8222;Diese Band ist etwas ganz besonderes. Ich kann nicht in Worte fassen wie dankbar ich bin, diese beiden Menschen kennen gelernt zu haben.&#8220;<\/p>\n<p><a href=\"http:\/\/saleia.de\/wp-content\/uploads\/2015\/12\/12322943_1500787793550052_7890704144551079477_o.jpg\"><img loading=\"lazy\" decoding=\"async\" class=\"alignnone size-full wp-image-1411\" src=\"http:\/\/saleia.de\/wp-content\/uploads\/2015\/12\/12322943_1500787793550052_7890704144551079477_o.jpg\" alt=\"\" width=\"1296\" height=\"864\" srcset=\"https:\/\/saleia.de\/wp-content\/uploads\/2015\/12\/12322943_1500787793550052_7890704144551079477_o.jpg 1296w, https:\/\/saleia.de\/wp-content\/uploads\/2015\/12\/12322943_1500787793550052_7890704144551079477_o-300x200.jpg 300w, https:\/\/saleia.de\/wp-content\/uploads\/2015\/12\/12322943_1500787793550052_7890704144551079477_o-1024x683.jpg 1024w\" sizes=\"auto, (max-width: 1296px) 100vw, 1296px\" \/><\/a><\/p>\n<p>Und nicht nur auf den B\u00fchnen machte sich Saleia breit, sondern auch in den Wohnzimmern Nord-Rhein-Westfalens. 2015 gr\u00fcndete sie eine Gruppe magischer und wundervoller S\u00e4ngerinnen, die alle auf Kindergeburtstage, Hochzeiten, Events und Promotion gehen. &#8222;Es ist unglaublich mit anzusehen, wie sich kleine Kinder und auch Erwachsene dar\u00fcber freuen, wenn man mit einem Lied in ihre Wohnung gest\u00fcrmt kommt. Das ist ein Hobby welches ich nie wieder missen m\u00f6chte, denn Menschen so gl\u00fccklich zu sehen ist das sch\u00f6nste Gef\u00fchl auf Erden.&#8220;, schw\u00e4rmt sie. Saleia wurde von einer damaligen Arbeitskollegin und Mutter gefragt,\u00a0nachdem sie ihr erstes Cosplay von Anna gen\u00e4ht hatte, ob sie nicht auf den Kindergeburtstag ihrer Kinder kommen k\u00f6nnte. <strong>It&#8217;s Princess Time<\/strong> nennt sich die bisher 12-k\u00f6pfige Gruppe aus NRW und Niedersachen &#8211; unter dem Motto &#8222;We want to make you happy&#8220; m\u00f6chten sie die Tr\u00e4ume vieler Menschen wahr machen.<\/p>\n<p>Doch leider ergab sich nur zwei Jahre sp\u00e4ter im Jahr 2017 eine gro\u00dfe Ersch\u00fctterung. Der m\u00e4rchenhafte Gro\u00dfkonzern schickte ihr eine<strong> Unterlassungserkl\u00e4rung<\/strong>, dass Sie mit den Kindergeburtstagen aufh\u00f6ren m\u00fcsste. So versprach sie nun diese Kost\u00fcme nie wieder \u00f6ffentlich, sondern nur f\u00fcr private Zwecke zu verwenden (Conventions-Besuche). Die selbst gemachten Kost\u00fcme sind also f\u00fcr niemanden zu buchen. It&#8217;s Princess Time musste leider Anfang September 2017 geschlossen werden. Ein sehr trauriges Jahr f\u00fcr Saleia, doch sie kann nat\u00fcrlich die rechtliche Seite von Disney sehr gut verstehen.<\/p>\n<p>Der Schmerz ist allerdings immer noch sehr gro\u00df wenn Saleia nicht mehr ihrem Lieblingshobby nachgehen und die Kinder \u00fcberraschen darf. Deshalb hat sie sich f\u00fcr das Jahr 2018 nun auch einen Vorsatz \u00fcberlegt: eigene Musik zu komponieren, eine eigene Prinzessin zu designen und ihre eigene erlebte Lebens-Geschichte den Kindern nahe zu bringen. Schon bald wird es hierzu neue Infos geben, denn sie befindet sich schon in gro\u00dfen Vorbereitungen dazu. Im Tonstudio von <strong>Martin Gerke<\/strong> wird sie demn\u00e4chst schon bald ihre eigene Lieder zu &#8222;<strong>Prinzessin Saleia<\/strong>&#8220; aufnehmen und euch im YouTube pr\u00e4sentieren.<\/p>\n<p>Saleia ist auch zuk\u00fcnftig f\u00fcr weitere Convention-Konzerte, Events, Hochzeiten und Geburtstage zu buchen. Die Tourdaten k\u00f6nnt ihr u.a. auf Ihrer Facebook-Seite oder ihrer Homepage entnehmen.<\/p>\n<p>Saleia &#8211;\u00a0She wants to make you happy!<\/p>\n<p><a href=\"http:\/\/saleia.de\/wp-content\/uploads\/2018\/05\/IMG_8251.jpg\"><img loading=\"lazy\" decoding=\"async\" class=\"alignnone size-full wp-image-2701\" src=\"http:\/\/saleia.de\/wp-content\/uploads\/2018\/05\/IMG_8251.jpg\" alt=\"\" width=\"1156\" height=\"923\" srcset=\"https:\/\/saleia.de\/wp-content\/uploads\/2018\/05\/IMG_8251.jpg 1156w, https:\/\/saleia.de\/wp-content\/uploads\/2018\/05\/IMG_8251-300x240.jpg 300w, https:\/\/saleia.de\/wp-content\/uploads\/2018\/05\/IMG_8251-768x613.jpg 768w, https:\/\/saleia.de\/wp-content\/uploads\/2018\/05\/IMG_8251-1024x818.jpg 1024w\" sizes=\"auto, (max-width: 1156px) 100vw, 1156px\" \/><\/a><\/p>\n<p><script async=\"\" src=\"\/\/pagead2.googlesyndication.com\/pagead\/js\/adsbygoogle.js\"><\/script><br \/>\n<!-- Saleia3 --><br \/>\n<ins class=\"adsbygoogle\" style=\"display: block;\" data-ad-client=\"ca-pub-1427055464359024\" data-ad-slot=\"7113626981\" data-ad-format=\"auto\"><\/ins><br \/>\n<script><br \/>\n(adsbygoogle = window.adsbygoogle || []).push({});<br \/>\n<\/script><\/p>\n","protected":false},"excerpt":{"rendered":"<p>Saleia ist eine S\u00e4ngerin, die schon in ihren Kindheitstagen im Laufstall fleissig die H\u00fcften geschwungen hat. Das Mikro wollte sie damals nie los lassen und in jeder freien Minute h\u00f6rte man sie singen &#8211; sei es unter der Dusche, im Auto oder sogar heimlich beim &hellip; <a href=\"https:\/\/saleia.de\/?page_id=2\" class=\"more-link\"><span>Continue reading<span class=\"screen-reader-text\">Biography<\/span><\/span><\/a><\/p>\n","protected":false},"author":1,"featured_media":0,"parent":0,"menu_order":2,"comment_status":"closed","ping_status":"closed","template":"","meta":{"footnotes":""},"class_list":["post-2","page","type-page","status-publish","hentry"],"_links":{"self":[{"href":"https:\/\/saleia.de\/index.php?rest_route=\/wp\/v2\/pages\/2","targetHints":{"allow":["GET"]}}],"collection":[{"href":"https:\/\/saleia.de\/index.php?rest_route=\/wp\/v2\/pages"}],"about":[{"href":"https:\/\/saleia.de\/index.php?rest_route=\/wp\/v2\/types\/page"}],"author":[{"embeddable":true,"href":"https:\/\/saleia.de\/index.php?rest_route=\/wp\/v2\/users\/1"}],"replies":[{"embeddable":true,"href":"https:\/\/saleia.de\/index.php?rest_route=%2Fwp%2Fv2%2Fcomments&post=2"}],"version-history":[{"count":18,"href":"https:\/\/saleia.de\/index.php?rest_route=\/wp\/v2\/pages\/2\/revisions"}],"predecessor-version":[{"id":4015,"href":"https:\/\/saleia.de\/index.php?rest_route=\/wp\/v2\/pages\/2\/revisions\/4015"}],"wp:attachment":[{"href":"https:\/\/saleia.de\/index.php?rest_route=%2Fwp%2Fv2%2Fmedia&parent=2"}],"curies":[{"name":"wp","href":"https:\/\/api.w.org\/{rel}","templated":true}]}}