{"id":15,"date":"2015-02-16T19:38:26","date_gmt":"2015-02-16T19:38:26","guid":{"rendered":"http:\/\/saleia.de\/?page_id=15"},"modified":"2023-12-11T00:06:41","modified_gmt":"2023-12-11T00:06:41","slug":"music","status":"publish","type":"page","link":"https:\/\/saleia.de\/?page_id=15","title":{"rendered":"Videos \/ TV"},"content":{"rendered":"\n<p>Vielen Dank f\u00fcr euren t\u00e4glichen Support \u00fcber Youtube und Facebook. Es vergeht kein Tag wo ich mich nicht dar\u00fcber freue, dass ihr mir so nette Worte schreibt. Es gibt nichts sch\u00f6neres zu wissen, dass ich euch ein wenig mit meinen Liedern durch den Alltag aufmuntern kann. Das bedeutet mir wahnsinnig viel Menschen zu helfen wo ich gerade kann. Und durch die Musik kann man sogar viel mehr erreichen: &#8222;Musik leitet mich&#8220; ist einer meiner selbst komponierten Songs, den ich euch gerne zum Dank widmen m\u00f6chte. \ud83d\ude42 Ich hoffe die Musik hilft euch genauso wie sie mir geholfen hat.<\/p>\n\n\n\n<p>Ich finde es unglaublich, dass schon \u00fcber 7.000 Menschen meine Videos auf Youtube gesehen haben!  Ich danke euch allen von Herzen! &lt;3<\/p>\n\n\n\n<p>Hier findet ihr meine aktuellen neuen Videos und Fernsehbeitr\u00e4ge. Weitere Fancover, Vlogs, Let&#8217;s Plays und Interviews findet ihr ebenfalls auf meinen zur\u00fcckeroberten Youtube Kanal.<\/p>\n\n\n\n<p>Eure Saleia<\/p>\n\n\n\n<p><strong>Fernseh-Beitr\u00e4ge<\/strong><\/p>\n\n\n\n<p><strong>05.05.19 <\/strong>Prinzessin Saleia \u2013 RTL Fernsehbeitrag \u201eEXPLOSIV\u201c<\/p>\n\n\n\n<p><strong>27.04.19 <\/strong>Prinzessin Saleia \u2013 RTL Fernsehbeitrag \u201eBest Of\u2026! Deutschlands schnellste Ranking Show<\/p>\n\n\n\n<p><strong>15.04.19&nbsp;<a rel=\"noreferrer noopener\" href=\"https:\/\/www.rtl-west.de\/beitrag\/artikel\/prinzessin-aus-leidenschaft\/\" target=\"_blank\">Prinzessin Saleia \u2013 RTL WEST Fernsehbeitrag<\/a><\/strong> <\/p>\n\n\n\n<p><strong>Selbst komponierte Songs (mit Martin Gerke)<\/strong><\/p>\n\n\n\n<figure class=\"wp-block-embed-youtube wp-block-embed is-type-video is-provider-youtube wp-embed-aspect-16-9 wp-has-aspect-ratio\"><div class=\"wp-block-embed__wrapper\">\n<iframe loading=\"lazy\" title=\"Prinzessin Saleia - Ich Hab&#039; Die Wahl (Original Musikvideo)\" width=\"756\" height=\"425\" src=\"https:\/\/www.youtube.com\/embed\/PCQgikmdw88?feature=oembed\" frameborder=\"0\" allow=\"accelerometer; autoplay; encrypted-media; gyroscope; picture-in-picture\" allowfullscreen><\/iframe>\n<\/div><\/figure>\n\n\n\n<figure class=\"wp-block-embed-youtube wp-block-embed is-type-video is-provider-youtube wp-embed-aspect-16-9 wp-has-aspect-ratio\"><div class=\"wp-block-embed__wrapper\">\n<iframe loading=\"lazy\" title=\"Prinzessin Saleia - Musik Leitet Mich (Original Musikvideo)\" width=\"756\" height=\"425\" src=\"https:\/\/www.youtube.com\/embed\/sY2g6xkXQyQ?feature=oembed\" frameborder=\"0\" allow=\"accelerometer; autoplay; encrypted-media; gyroscope; picture-in-picture\" allowfullscreen><\/iframe>\n<\/div><\/figure>\n\n\n\n<figure class=\"wp-block-embed-youtube wp-block-embed is-type-video is-provider-youtube wp-embed-aspect-16-9 wp-has-aspect-ratio\"><div class=\"wp-block-embed__wrapper\">\n<iframe loading=\"lazy\" title=\"Prinzessin Saleia - Leave Bad Things Behind (Original Musikvideo)\" width=\"756\" height=\"425\" src=\"https:\/\/www.youtube.com\/embed\/GS9C656ze1Y?start=14&#038;feature=oembed\" frameborder=\"0\" allow=\"accelerometer; autoplay; clipboard-write; encrypted-media; gyroscope; picture-in-picture\" allowfullscreen><\/iframe>\n<\/div><\/figure>\n\n\n\n<figure class=\"wp-block-embed-youtube wp-block-embed is-type-video is-provider-youtube wp-embed-aspect-16-9 wp-has-aspect-ratio\"><div class=\"wp-block-embed__wrapper\">\n<iframe loading=\"lazy\" title=\"Saleia - Es Hat Sich Gelohnt \/\/ Hochzeitslied (Original LIVE Video)\" width=\"756\" height=\"425\" src=\"https:\/\/www.youtube.com\/embed\/ekI_AJa7oMQ?feature=oembed\" frameborder=\"0\" allow=\"accelerometer; autoplay; encrypted-media; gyroscope; picture-in-picture\" allowfullscreen><\/iframe>\n<\/div><\/figure>\n\n\n\n<p><strong>BUCHVORLESUNG<\/strong><\/p>\n\n\n\n<figure class=\"wp-block-embed-youtube wp-block-embed is-type-video is-provider-youtube wp-embed-aspect-16-9 wp-has-aspect-ratio\"><div class=\"wp-block-embed__wrapper\">\n<iframe loading=\"lazy\" title=\"MA\u0308RCHENZEIT mit Sonnenblumen Prinzessin Saleia \/\/ Original Buch Ausschnitte + Videos \/\/ Gewinnspiel\" width=\"756\" height=\"425\" src=\"https:\/\/www.youtube.com\/embed\/IbIYBNOLkHA?start=80&#038;feature=oembed\" frameborder=\"0\" allow=\"accelerometer; autoplay; encrypted-media; gyroscope; picture-in-picture\" allowfullscreen><\/iframe>\n<\/div><\/figure>\n\n\n\n<p><strong>IT&#8217;S PRINCESS TIME<\/strong><\/p>\n\n\n\n<figure class=\"wp-block-embed-youtube wp-block-embed is-type-video is-provider-youtube wp-embed-aspect-16-9 wp-has-aspect-ratio\"><div class=\"wp-block-embed__wrapper\">\n<iframe loading=\"lazy\" title=\"It&#039;s Princess Time: Kinderfest in Iserlohn\" width=\"756\" height=\"425\" src=\"https:\/\/www.youtube.com\/embed\/Gloe7Rk8wKo?feature=oembed\" frameborder=\"0\" allow=\"accelerometer; autoplay; encrypted-media; gyroscope; picture-in-picture\" allowfullscreen><\/iframe>\n<\/div><\/figure>\n\n\n\n<p><strong>EHRENAMT &#8211; CHARACTER IN REAL LIFE (PLAYLIST)<\/strong><\/p>\n\n\n\n<figure class=\"wp-block-embed-youtube wp-block-embed is-type-video is-provider-youtube wp-embed-aspect-16-9 wp-has-aspect-ratio\"><div class=\"wp-block-embed__wrapper\">\n<iframe loading=\"lazy\" title=\"CHARACTER REAL LIFE\" width=\"756\" height=\"425\" src=\"https:\/\/www.youtube.com\/embed\/videoseries?list=PLWa40ZFEJXvsbJP1UL97X31obs8GvJhNc\" frameborder=\"0\" allow=\"accelerometer; autoplay; encrypted-media; gyroscope; picture-in-picture\" allowfullscreen><\/iframe>\n<\/div><\/figure>\n\n\n\n<p><strong>MUSIKVIDEOS<\/strong><\/p>\n\n\n\n<figure class=\"wp-block-embed-youtube wp-block-embed is-type-video is-provider-youtube wp-embed-aspect-16-9 wp-has-aspect-ratio\"><div class=\"wp-block-embed__wrapper\">\n<iframe loading=\"lazy\" title=\"MUSIC VIDEOS\" width=\"756\" height=\"425\" src=\"https:\/\/www.youtube.com\/embed\/videoseries?list=PLWa40ZFEJXvtXo-svgRT6x3JejNT7cmlA\" frameborder=\"0\" allow=\"accelerometer; autoplay; encrypted-media; gyroscope; picture-in-picture\" allowfullscreen><\/iframe>\n<\/div><\/figure>\n\n\n\n<p><strong>VLOGS \/\/ UNBOXING<\/strong> <\/p>\n\n\n\n<figure class=\"wp-block-embed-youtube wp-block-embed is-type-video is-provider-youtube wp-embed-aspect-16-9 wp-has-aspect-ratio\"><div class=\"wp-block-embed__wrapper\">\n<iframe loading=\"lazy\" title=\"VLOGS\" width=\"756\" height=\"425\" src=\"https:\/\/www.youtube.com\/embed\/videoseries?list=PLWa40ZFEJXvvIRS5ei3DP9eMpEM7AlYyb\" frameborder=\"0\" allow=\"accelerometer; autoplay; encrypted-media; gyroscope; picture-in-picture\" allowfullscreen><\/iframe>\n<\/div><\/figure>\n\n\n\n<p><strong>LET&#8217;S PLAYS<\/strong><\/p>\n\n\n\n<figure class=\"wp-block-embed-youtube wp-block-embed is-type-video is-provider-youtube wp-embed-aspect-16-9 wp-has-aspect-ratio\"><div class=\"wp-block-embed__wrapper\">\n<iframe loading=\"lazy\" title=\"LET&#039;S PLAYS\" width=\"756\" height=\"425\" src=\"https:\/\/www.youtube.com\/embed\/videoseries?list=PLWa40ZFEJXvsWVoWhc8Can8MOIPPzO0WB\" frameborder=\"0\" allow=\"accelerometer; autoplay; encrypted-media; gyroscope; picture-in-picture\" allowfullscreen><\/iframe>\n<\/div><\/figure>\n","protected":false},"excerpt":{"rendered":"<p>Vielen Dank f\u00fcr euren t\u00e4glichen Support \u00fcber Youtube und Facebook. Es vergeht kein Tag wo ich mich nicht dar\u00fcber freue, dass ihr mir so nette Worte schreibt. Es gibt nichts sch\u00f6neres zu wissen, dass ich euch ein wenig mit meinen Liedern durch den Alltag aufmuntern &hellip; <a href=\"https:\/\/saleia.de\/?page_id=15\" class=\"more-link\"><span>Continue reading<span class=\"screen-reader-text\">Videos \/ TV<\/span><\/span><\/a><\/p>\n","protected":false},"author":1,"featured_media":4582,"parent":0,"menu_order":4,"comment_status":"closed","ping_status":"closed","template":"","meta":{"footnotes":""},"class_list":["post-15","page","type-page","status-publish","has-post-thumbnail","hentry"],"_links":{"self":[{"href":"https:\/\/saleia.de\/index.php?rest_route=\/wp\/v2\/pages\/15","targetHints":{"allow":["GET"]}}],"collection":[{"href":"https:\/\/saleia.de\/index.php?rest_route=\/wp\/v2\/pages"}],"about":[{"href":"https:\/\/saleia.de\/index.php?rest_route=\/wp\/v2\/types\/page"}],"author":[{"embeddable":true,"href":"https:\/\/saleia.de\/index.php?rest_route=\/wp\/v2\/users\/1"}],"replies":[{"embeddable":true,"href":"https:\/\/saleia.de\/index.php?rest_route=%2Fwp%2Fv2%2Fcomments&post=15"}],"version-history":[{"count":78,"href":"https:\/\/saleia.de\/index.php?rest_route=\/wp\/v2\/pages\/15\/revisions"}],"predecessor-version":[{"id":3966,"href":"https:\/\/saleia.de\/index.php?rest_route=\/wp\/v2\/pages\/15\/revisions\/3966"}],"wp:featuredmedia":[{"embeddable":true,"href":"https:\/\/saleia.de\/index.php?rest_route=\/wp\/v2\/media\/4582"}],"wp:attachment":[{"href":"https:\/\/saleia.de\/index.php?rest_route=%2Fwp%2Fv2%2Fmedia&parent=15"}],"curies":[{"name":"wp","href":"https:\/\/api.w.org\/{rel}","templated":true}]}}