{"id":10,"date":"2015-02-16T19:28:49","date_gmt":"2015-02-16T19:28:49","guid":{"rendered":"http:\/\/saleia.de\/?page_id=10"},"modified":"2018-05-24T19:51:08","modified_gmt":"2018-05-24T19:51:08","slug":"news","status":"publish","type":"page","link":"https:\/\/saleia.de\/?page_id=10","title":{"rendered":"News-Blog"},"content":{"rendered":"\n\t<div id=\"wpbaw-blog-1\" class=\"blogfree-plugin blog-clearfix \">\n\t\n\t\t\t\t<div id=\"post-4829\" class=\"blog type-blog blog-clearfix wpbaw-blog-class blog-col-0 has-date has-thumb\">\n\t\t\t<div class=\"blog-inner-wrap-view blog-clearfix\">\n\t\t\t\t\t\t\t\t\t<div class=\"blog-thumb\">\n\t\t\t\t\t\t<div class=\"grid-blog-thumb\">\n\t\t\t\t\t\t\t<a href=\"https:\/\/saleia.de\/?blog_post=17-12-2023-outtakes-twitch-clips-part-20\"><img decoding=\"async\" class=\"wpbaw-blog-img\" src=\"https:\/\/saleia.de\/wp-content\/uploads\/2023\/12\/maxresdefault-1024x576.jpg\" alt=\"17.12.2023 &#8211; OUTTAKES TWITCH CLIPS PART 20\"\/><\/a>\n\t\t\t\t\t\t<\/div>\n\t\t\t\t\t<\/div>\n\t\t\t\t\n\t\t\t\t<div class=\"blog-content\">\n\t\t\t\t\t\t\t\t\t\t\t<div class=\"grid-category-post\">\n\t\t\t\t\t\t\t<a href=\"https:\/\/saleia.de\/?blog-category=blog\">Blog<\/a>\t\t\t\t\t\t<\/div>\n\t\t\t\t\t\t\t\t\t\t\t\t\t<div class=\"blog-author\">\n\t\t\t\t\t\t\t\t\t\t\t\t\t\t\t\t\t<span>\n\t\t\t\t\t\t\t\t\t\tvon <a href=\"https:\/\/saleia.de\/?author=1\" target=\"_self\">saleia<\/a>\n\t\t\t\t\t\t\t\t\t<\/span>\n\t\t\t\t\t\t\t\t \/ Dezember 11, 2023\t\t\t\t\t\t\t<\/div>\n\t\t\t\t\t\t\n\t\t\t\t\t<div class=\"post-content-text\">\n\t\t\t\t\t\t\t\t\t\t\t\t<h3 class=\"blog-title\"><a href=\"https:\/\/saleia.de\/?blog_post=17-12-2023-outtakes-twitch-clips-part-20\" rel=\"bookmark\">17.12.2023 &#8211; OUTTAKES TWITCH CLIPS PART 20<\/a><\/h3>\n\t\t\t\t\t\t\t\t\t\t\t\t<div class=\"blog-content-excerpt\">\n\t\t\t\t\t\t\t\t\t\t\t\t\t\t\t<p class=\"blog-short-content\">Die letzten Monate waren wirklich wild f\u00fcr mich. Zahlreiche, wundersch\u00f6ne Konzerte, Veranstaltungen und einige wundersch\u00f6ne Twitch Steams. \ud83d\ude42 Leider kommt...<\/p>\n\t\t\t\t\t\t\t\t<a href=\"https:\/\/saleia.de\/?blog_post=17-12-2023-outtakes-twitch-clips-part-20\" class=\"blog-more-link\"> Lesen Sie weiter<\/a>\n\t\t\t\t\t\t\t\t\t\t\t\t\t<\/div>\n\t\t\t\t\t\t\t\t\t\t\t<\/div>\n\t\t\t\t<\/div>\n\t\t\t<\/div>\n\t\t<\/div>\n\t\t\t\t<div id=\"post-4826\" class=\"blog type-blog blog-clearfix wpbaw-blog-class blog-col-0 has-date has-thumb\">\n\t\t\t<div class=\"blog-inner-wrap-view blog-clearfix\">\n\t\t\t\t\t\t\t\t\t<div class=\"blog-thumb\">\n\t\t\t\t\t\t<div class=\"grid-blog-thumb\">\n\t\t\t\t\t\t\t<a href=\"https:\/\/saleia.de\/?blog_post=10-12-2023-kinder-maerchen-lesung-songs-youtube-video\"><img decoding=\"async\" class=\"wpbaw-blog-img\" src=\"https:\/\/saleia.de\/wp-content\/uploads\/2023\/12\/maxresdefault-1024x576.webp\" alt=\"10.12.2023 &#8211; Kinder M\u00e4rchen Lesung + Songs \/ YouTube Video\"\/><\/a>\n\t\t\t\t\t\t<\/div>\n\t\t\t\t\t<\/div>\n\t\t\t\t\n\t\t\t\t<div class=\"blog-content\">\n\t\t\t\t\t\t\t\t\t\t\t<div class=\"grid-category-post\">\n\t\t\t\t\t\t\t<a href=\"https:\/\/saleia.de\/?blog-category=blog\">Blog<\/a>\t\t\t\t\t\t<\/div>\n\t\t\t\t\t\t\t\t\t\t\t\t\t<div class=\"blog-author\">\n\t\t\t\t\t\t\t\t\t\t\t\t\t\t\t\t\t<span>\n\t\t\t\t\t\t\t\t\t\tvon <a href=\"https:\/\/saleia.de\/?author=1\" target=\"_self\">saleia<\/a>\n\t\t\t\t\t\t\t\t\t<\/span>\n\t\t\t\t\t\t\t\t \/ Dezember 11, 2023\t\t\t\t\t\t\t<\/div>\n\t\t\t\t\t\t\n\t\t\t\t\t<div class=\"post-content-text\">\n\t\t\t\t\t\t\t\t\t\t\t\t<h3 class=\"blog-title\"><a href=\"https:\/\/saleia.de\/?blog_post=10-12-2023-kinder-maerchen-lesung-songs-youtube-video\" rel=\"bookmark\">10.12.2023 &#8211; Kinder M\u00e4rchen Lesung + Songs \/ YouTube Video<\/a><\/h3>\n\t\t\t\t\t\t\t\t\t\t\t\t<div class=\"blog-content-excerpt\">\n\t\t\t\t\t\t\t\t\t\t\t\t\t\t\t<p class=\"blog-short-content\">Meine Lieben, passend zur Weihnachtszeit w\u00fcnsche ich euch mit meinem selbst geschriebenem M\u00e4rchen eine Stunde voller Magie. Hier lese ich...<\/p>\n\t\t\t\t\t\t\t\t<a href=\"https:\/\/saleia.de\/?blog_post=10-12-2023-kinder-maerchen-lesung-songs-youtube-video\" class=\"blog-more-link\"> Lesen Sie weiter<\/a>\n\t\t\t\t\t\t\t\t\t\t\t\t\t<\/div>\n\t\t\t\t\t\t\t\t\t\t\t<\/div>\n\t\t\t\t<\/div>\n\t\t\t<\/div>\n\t\t<\/div>\n\t\t\t\t<div id=\"post-4817\" class=\"blog type-blog blog-clearfix wpbaw-blog-class blog-col-0 has-date has-thumb\">\n\t\t\t<div class=\"blog-inner-wrap-view blog-clearfix\">\n\t\t\t\t\t\t\t\t\t<div class=\"blog-thumb\">\n\t\t\t\t\t\t<div class=\"grid-blog-thumb\">\n\t\t\t\t\t\t\t<a href=\"https:\/\/saleia.de\/?blog_post=01-12-2023-jetzt-wieder-voller-einsatz-auf-twitch\"><img decoding=\"async\" class=\"wpbaw-blog-img\" src=\"https:\/\/saleia.de\/wp-content\/uploads\/2023\/12\/387838667_18379354078071836_335663658109418770_n-819x1024.jpg\" alt=\"01.12.2023 &#8211; Jetzt wieder voller Einsatz auf Twitch\"\/><\/a>\n\t\t\t\t\t\t<\/div>\n\t\t\t\t\t<\/div>\n\t\t\t\t\n\t\t\t\t<div class=\"blog-content\">\n\t\t\t\t\t\t\t\t\t\t\t<div class=\"grid-category-post\">\n\t\t\t\t\t\t\t<a href=\"https:\/\/saleia.de\/?blog-category=blog\">Blog<\/a>\t\t\t\t\t\t<\/div>\n\t\t\t\t\t\t\t\t\t\t\t\t\t<div class=\"blog-author\">\n\t\t\t\t\t\t\t\t\t\t\t\t\t\t\t\t\t<span>\n\t\t\t\t\t\t\t\t\t\tvon <a href=\"https:\/\/saleia.de\/?author=1\" target=\"_self\">saleia<\/a>\n\t\t\t\t\t\t\t\t\t<\/span>\n\t\t\t\t\t\t\t\t \/ Dezember 11, 2023\t\t\t\t\t\t\t<\/div>\n\t\t\t\t\t\t\n\t\t\t\t\t<div class=\"post-content-text\">\n\t\t\t\t\t\t\t\t\t\t\t\t<h3 class=\"blog-title\"><a href=\"https:\/\/saleia.de\/?blog_post=01-12-2023-jetzt-wieder-voller-einsatz-auf-twitch\" rel=\"bookmark\">01.12.2023 &#8211; Jetzt wieder voller Einsatz auf Twitch<\/a><\/h3>\n\t\t\t\t\t\t\t\t\t\t\t\t<div class=\"blog-content-excerpt\">\n\t\t\t\t\t\t\t\t\t\t\t\t\t\t\t<p class=\"blog-short-content\">Nach einem langen Jahr 2023 kehre ich endlich wieder nach Hause ins traute Heim und habe mehr Zeit ein paar...<\/p>\n\t\t\t\t\t\t\t\t<a href=\"https:\/\/saleia.de\/?blog_post=01-12-2023-jetzt-wieder-voller-einsatz-auf-twitch\" class=\"blog-more-link\"> Lesen Sie weiter<\/a>\n\t\t\t\t\t\t\t\t\t\t\t\t\t<\/div>\n\t\t\t\t\t\t\t\t\t\t\t<\/div>\n\t\t\t\t<\/div>\n\t\t\t<\/div>\n\t\t<\/div>\n\t\t\t\t<div id=\"post-4805\" class=\"blog type-blog blog-clearfix wpbaw-blog-class blog-col-0 has-date has-thumb\">\n\t\t\t<div class=\"blog-inner-wrap-view blog-clearfix\">\n\t\t\t\t\t\t\t\t\t<div class=\"blog-thumb\">\n\t\t\t\t\t\t<div class=\"grid-blog-thumb\">\n\t\t\t\t\t\t\t<a href=\"https:\/\/saleia.de\/?blog_post=17-11-2023-streamer-konzert-in-mainz\"><img decoding=\"async\" class=\"wpbaw-blog-img\" src=\"https:\/\/saleia.de\/wp-content\/uploads\/2023\/12\/402393273_18386128081071836_387866128489337207_n-1024x989.jpg\" alt=\"17.11.2023 &#8211; Streamer-Konzert in Mainz\"\/><\/a>\n\t\t\t\t\t\t<\/div>\n\t\t\t\t\t<\/div>\n\t\t\t\t\n\t\t\t\t<div class=\"blog-content\">\n\t\t\t\t\t\t\t\t\t\t\t<div class=\"grid-category-post\">\n\t\t\t\t\t\t\t<a href=\"https:\/\/saleia.de\/?blog-category=blog\">Blog<\/a>\t\t\t\t\t\t<\/div>\n\t\t\t\t\t\t\t\t\t\t\t\t\t<div class=\"blog-author\">\n\t\t\t\t\t\t\t\t\t\t\t\t\t\t\t\t\t<span>\n\t\t\t\t\t\t\t\t\t\tvon <a href=\"https:\/\/saleia.de\/?author=1\" target=\"_self\">saleia<\/a>\n\t\t\t\t\t\t\t\t\t<\/span>\n\t\t\t\t\t\t\t\t \/ Dezember 11, 2023\t\t\t\t\t\t\t<\/div>\n\t\t\t\t\t\t\n\t\t\t\t\t<div class=\"post-content-text\">\n\t\t\t\t\t\t\t\t\t\t\t\t<h3 class=\"blog-title\"><a href=\"https:\/\/saleia.de\/?blog_post=17-11-2023-streamer-konzert-in-mainz\" rel=\"bookmark\">17.11.2023 &#8211; Streamer-Konzert in Mainz<\/a><\/h3>\n\t\t\t\t\t\t\t\t\t\t\t\t<div class=\"blog-content-excerpt\">\n\t\t\t\t\t\t\t\t\t\t\t\t\t\t\t<p class=\"blog-short-content\">Morgen ist es soweit! Das Streamer Konzert mit ca 20 Streamern steht vor der T\u00fcr! In Mainz werden ab 15:00...<\/p>\n\t\t\t\t\t\t\t\t<a href=\"https:\/\/saleia.de\/?blog_post=17-11-2023-streamer-konzert-in-mainz\" class=\"blog-more-link\"> Lesen Sie weiter<\/a>\n\t\t\t\t\t\t\t\t\t\t\t\t\t<\/div>\n\t\t\t\t\t\t\t\t\t\t\t<\/div>\n\t\t\t\t<\/div>\n\t\t\t<\/div>\n\t\t<\/div>\n\t\t\t\t<div id=\"post-4803\" class=\"blog type-blog blog-clearfix wpbaw-blog-class blog-col-0 has-date has-thumb\">\n\t\t\t<div class=\"blog-inner-wrap-view blog-clearfix\">\n\t\t\t\t\t\t\t\t\t<div class=\"blog-thumb\">\n\t\t\t\t\t\t<div class=\"grid-blog-thumb\">\n\t\t\t\t\t\t\t<a href=\"https:\/\/saleia.de\/?blog_post=28-10-2023-anime-festival-kassel-mit-doppel-konzert-harmoonics\"><img decoding=\"async\" class=\"wpbaw-blog-img\" src=\"https:\/\/saleia.de\/wp-content\/uploads\/2023\/12\/396130975_18382243705071836_7766661113637426289_n-1024x1015.jpg\" alt=\"28.10.2023 &#8211; Anime Festival Kassel mit Doppel-Konzert Harmoonics\"\/><\/a>\n\t\t\t\t\t\t<\/div>\n\t\t\t\t\t<\/div>\n\t\t\t\t\n\t\t\t\t<div class=\"blog-content\">\n\t\t\t\t\t\t\t\t\t\t\t<div class=\"grid-category-post\">\n\t\t\t\t\t\t\t<a href=\"https:\/\/saleia.de\/?blog-category=blog\">Blog<\/a>\t\t\t\t\t\t<\/div>\n\t\t\t\t\t\t\t\t\t\t\t\t\t<div class=\"blog-author\">\n\t\t\t\t\t\t\t\t\t\t\t\t\t\t\t\t\t<span>\n\t\t\t\t\t\t\t\t\t\tvon <a href=\"https:\/\/saleia.de\/?author=1\" target=\"_self\">saleia<\/a>\n\t\t\t\t\t\t\t\t\t<\/span>\n\t\t\t\t\t\t\t\t \/ Dezember 11, 2023\t\t\t\t\t\t\t<\/div>\n\t\t\t\t\t\t\n\t\t\t\t\t<div class=\"post-content-text\">\n\t\t\t\t\t\t\t\t\t\t\t\t<h3 class=\"blog-title\"><a href=\"https:\/\/saleia.de\/?blog_post=28-10-2023-anime-festival-kassel-mit-doppel-konzert-harmoonics\" rel=\"bookmark\">28.10.2023 &#8211; Anime Festival Kassel mit Doppel-Konzert Harmoonics<\/a><\/h3>\n\t\t\t\t\t\t\t\t\t\t\t\t<div class=\"blog-content-excerpt\">\n\t\t\t\t\t\t\t\t\t\t\t\t\t\t\t<p class=\"blog-short-content\">Wir sind heute mega spontan! Wir treten heute auch auf der @animekassel auf! 28.10.2023 - 19:20 Uhr im blauen Saal...<\/p>\n\t\t\t\t\t\t\t\t<a href=\"https:\/\/saleia.de\/?blog_post=28-10-2023-anime-festival-kassel-mit-doppel-konzert-harmoonics\" class=\"blog-more-link\"> Lesen Sie weiter<\/a>\n\t\t\t\t\t\t\t\t\t\t\t\t\t<\/div>\n\t\t\t\t\t\t\t\t\t\t\t<\/div>\n\t\t\t\t<\/div>\n\t\t\t<\/div>\n\t\t<\/div>\n\t\t\t\t<div id=\"post-4801\" class=\"blog type-blog blog-clearfix wpbaw-blog-class blog-col-0 has-date has-thumb\">\n\t\t\t<div class=\"blog-inner-wrap-view blog-clearfix\">\n\t\t\t\t\t\t\t\t\t<div class=\"blog-thumb\">\n\t\t\t\t\t\t<div class=\"grid-blog-thumb\">\n\t\t\t\t\t\t\t<a href=\"https:\/\/saleia.de\/?blog_post=05-10-2023-skyline-plaza-in-frankfurt-jubilaeum\"><img decoding=\"async\" class=\"wpbaw-blog-img\" src=\"https:\/\/saleia.de\/wp-content\/uploads\/2023\/12\/387094869_18378145057071836_5310248738039957184_n-824x1024.jpg\" alt=\"05.10.2023 &#8211; Skyline Plaza in Frankfurt Jubil\u00e4um\"\/><\/a>\n\t\t\t\t\t\t<\/div>\n\t\t\t\t\t<\/div>\n\t\t\t\t\n\t\t\t\t<div class=\"blog-content\">\n\t\t\t\t\t\t\t\t\t\t\t<div class=\"grid-category-post\">\n\t\t\t\t\t\t\t<a href=\"https:\/\/saleia.de\/?blog-category=blog\">Blog<\/a>\t\t\t\t\t\t<\/div>\n\t\t\t\t\t\t\t\t\t\t\t\t\t<div class=\"blog-author\">\n\t\t\t\t\t\t\t\t\t\t\t\t\t\t\t\t\t<span>\n\t\t\t\t\t\t\t\t\t\tvon <a href=\"https:\/\/saleia.de\/?author=1\" target=\"_self\">saleia<\/a>\n\t\t\t\t\t\t\t\t\t<\/span>\n\t\t\t\t\t\t\t\t \/ Dezember 11, 2023\t\t\t\t\t\t\t<\/div>\n\t\t\t\t\t\t\n\t\t\t\t\t<div class=\"post-content-text\">\n\t\t\t\t\t\t\t\t\t\t\t\t<h3 class=\"blog-title\"><a href=\"https:\/\/saleia.de\/?blog_post=05-10-2023-skyline-plaza-in-frankfurt-jubilaeum\" rel=\"bookmark\">05.10.2023 &#8211; Skyline Plaza in Frankfurt Jubil\u00e4um<\/a><\/h3>\n\t\t\t\t\t\t\t\t\t\t\t\t<div class=\"blog-content-excerpt\">\n\t\t\t\t\t\t\t\t\t\t\t\t\t\t\t<p class=\"blog-short-content\">Morgen, am 06.10.2023 besuchen Glockenblumen-Prinzessin Harumi harumisworld und Sonnenblumen-Prinzessin Saleia die wundervolle Skyline Plaza in Frankfurt. Dort gibt es zum...<\/p>\n\t\t\t\t\t\t\t\t<a href=\"https:\/\/saleia.de\/?blog_post=05-10-2023-skyline-plaza-in-frankfurt-jubilaeum\" class=\"blog-more-link\"> Lesen Sie weiter<\/a>\n\t\t\t\t\t\t\t\t\t\t\t\t\t<\/div>\n\t\t\t\t\t\t\t\t\t\t\t<\/div>\n\t\t\t\t<\/div>\n\t\t\t<\/div>\n\t\t<\/div>\n\t\t\t\t<div id=\"post-4741\" class=\"blog type-blog blog-clearfix wpbaw-blog-class blog-col-0 has-date has-thumb\">\n\t\t\t<div class=\"blog-inner-wrap-view blog-clearfix\">\n\t\t\t\t\t\t\t\t\t<div class=\"blog-thumb\">\n\t\t\t\t\t\t<div class=\"grid-blog-thumb\">\n\t\t\t\t\t\t\t<a href=\"https:\/\/saleia.de\/?blog_post=25-08-2023-gamescom\"><img decoding=\"async\" class=\"wpbaw-blog-img\" src=\"https:\/\/saleia.de\/wp-content\/uploads\/2023\/09\/Unbenannt1-4.jpg\" alt=\"25.08.2023 &#8211; GAMESCOM\"\/><\/a>\n\t\t\t\t\t\t<\/div>\n\t\t\t\t\t<\/div>\n\t\t\t\t\n\t\t\t\t<div class=\"blog-content\">\n\t\t\t\t\t\t\t\t\t\t\t<div class=\"grid-category-post\">\n\t\t\t\t\t\t\t<a href=\"https:\/\/saleia.de\/?blog-category=blog\">Blog<\/a>\t\t\t\t\t\t<\/div>\n\t\t\t\t\t\t\t\t\t\t\t\t\t<div class=\"blog-author\">\n\t\t\t\t\t\t\t\t\t\t\t\t\t\t\t\t\t<span>\n\t\t\t\t\t\t\t\t\t\tvon <a href=\"https:\/\/saleia.de\/?author=1\" target=\"_self\">saleia<\/a>\n\t\t\t\t\t\t\t\t\t<\/span>\n\t\t\t\t\t\t\t\t \/ September 19, 2023\t\t\t\t\t\t\t<\/div>\n\t\t\t\t\t\t\n\t\t\t\t\t<div class=\"post-content-text\">\n\t\t\t\t\t\t\t\t\t\t\t\t<h3 class=\"blog-title\"><a href=\"https:\/\/saleia.de\/?blog_post=25-08-2023-gamescom\" rel=\"bookmark\">25.08.2023 &#8211; GAMESCOM<\/a><\/h3>\n\t\t\t\t\t\t\t\t\t\t\t\t<div class=\"blog-content-excerpt\">\n\t\t\t\t\t\t\t\t\t\t\t\t\t\t\t<p class=\"blog-short-content\">COLORED SEASONS Ich kann es kaum erwarten mit meinen zauberhaften Jahreszeiten wieder vereint auf der Gamescom B\u00fchne zu stehen. Mit...<\/p>\n\t\t\t\t\t\t\t\t<a href=\"https:\/\/saleia.de\/?blog_post=25-08-2023-gamescom\" class=\"blog-more-link\"> Lesen Sie weiter<\/a>\n\t\t\t\t\t\t\t\t\t\t\t\t\t<\/div>\n\t\t\t\t\t\t\t\t\t\t\t<\/div>\n\t\t\t\t<\/div>\n\t\t\t<\/div>\n\t\t<\/div>\n\t\t\t\t<div id=\"post-4734\" class=\"blog type-blog blog-clearfix wpbaw-blog-class blog-col-0 has-date has-thumb\">\n\t\t\t<div class=\"blog-inner-wrap-view blog-clearfix\">\n\t\t\t\t\t\t\t\t\t<div class=\"blog-thumb\">\n\t\t\t\t\t\t<div class=\"grid-blog-thumb\">\n\t\t\t\t\t\t\t<a href=\"https:\/\/saleia.de\/?blog_post=16-08-2023-bio-brotbox-verteilen-ehrenpate-2023\"><img decoding=\"async\" class=\"wpbaw-blog-img\" src=\"https:\/\/saleia.de\/wp-content\/uploads\/2023\/09\/Unbenannt-2.jpg\" alt=\"16.08.2023 &#8211; BIO BROTBOX VERTEILEN \/ EHRENPATE 2023\"\/><\/a>\n\t\t\t\t\t\t<\/div>\n\t\t\t\t\t<\/div>\n\t\t\t\t\n\t\t\t\t<div class=\"blog-content\">\n\t\t\t\t\t\t\t\t\t\t\t<div class=\"grid-category-post\">\n\t\t\t\t\t\t\t<a href=\"https:\/\/saleia.de\/?blog-category=blog\">Blog<\/a>\t\t\t\t\t\t<\/div>\n\t\t\t\t\t\t\t\t\t\t\t\t\t<div class=\"blog-author\">\n\t\t\t\t\t\t\t\t\t\t\t\t\t\t\t\t\t<span>\n\t\t\t\t\t\t\t\t\t\tvon <a href=\"https:\/\/saleia.de\/?author=1\" target=\"_self\">saleia<\/a>\n\t\t\t\t\t\t\t\t\t<\/span>\n\t\t\t\t\t\t\t\t \/ September 19, 2023\t\t\t\t\t\t\t<\/div>\n\t\t\t\t\t\t\n\t\t\t\t\t<div class=\"post-content-text\">\n\t\t\t\t\t\t\t\t\t\t\t\t<h3 class=\"blog-title\"><a href=\"https:\/\/saleia.de\/?blog_post=16-08-2023-bio-brotbox-verteilen-ehrenpate-2023\" rel=\"bookmark\">16.08.2023 &#8211; BIO BROTBOX VERTEILEN \/ EHRENPATE 2023<\/a><\/h3>\n\t\t\t\t\t\t\t\t\t\t\t\t<div class=\"blog-content-excerpt\">\n\t\t\t\t\t\t\t\t\t\t\t\t\t\t\t<p class=\"blog-short-content\">Schon viele Jahre beteilige ich mich an dem wundersch\u00f6nem LEV-Spielt Fest in Leverkusen, um die Kinder in meiner Heimat in...<\/p>\n\t\t\t\t\t\t\t\t<a href=\"https:\/\/saleia.de\/?blog_post=16-08-2023-bio-brotbox-verteilen-ehrenpate-2023\" class=\"blog-more-link\"> Lesen Sie weiter<\/a>\n\t\t\t\t\t\t\t\t\t\t\t\t\t<\/div>\n\t\t\t\t\t\t\t\t\t\t\t<\/div>\n\t\t\t\t<\/div>\n\t\t\t<\/div>\n\t\t<\/div>\n\t\t\t\t<div id=\"post-4731\" class=\"blog type-blog blog-clearfix wpbaw-blog-class blog-col-0 has-date has-thumb\">\n\t\t\t<div class=\"blog-inner-wrap-view blog-clearfix\">\n\t\t\t\t\t\t\t\t\t<div class=\"blog-thumb\">\n\t\t\t\t\t\t<div class=\"grid-blog-thumb\">\n\t\t\t\t\t\t\t<a href=\"https:\/\/saleia.de\/?blog_post=13-08-2023-zoo-nacht-magdeburg-konzert\"><img decoding=\"async\" class=\"wpbaw-blog-img\" src=\"https:\/\/saleia.de\/wp-content\/uploads\/2023\/09\/Unbenannt5-1.jpg\" alt=\"13.08.2023 &#8211; ZOO-NACHT MAGDEBURG KONZERT\"\/><\/a>\n\t\t\t\t\t\t<\/div>\n\t\t\t\t\t<\/div>\n\t\t\t\t\n\t\t\t\t<div class=\"blog-content\">\n\t\t\t\t\t\t\t\t\t\t\t<div class=\"grid-category-post\">\n\t\t\t\t\t\t\t<a href=\"https:\/\/saleia.de\/?blog-category=blog\">Blog<\/a>\t\t\t\t\t\t<\/div>\n\t\t\t\t\t\t\t\t\t\t\t\t\t<div class=\"blog-author\">\n\t\t\t\t\t\t\t\t\t\t\t\t\t\t\t\t\t<span>\n\t\t\t\t\t\t\t\t\t\tvon <a href=\"https:\/\/saleia.de\/?author=1\" target=\"_self\">saleia<\/a>\n\t\t\t\t\t\t\t\t\t<\/span>\n\t\t\t\t\t\t\t\t \/ September 19, 2023\t\t\t\t\t\t\t<\/div>\n\t\t\t\t\t\t\n\t\t\t\t\t<div class=\"post-content-text\">\n\t\t\t\t\t\t\t\t\t\t\t\t<h3 class=\"blog-title\"><a href=\"https:\/\/saleia.de\/?blog_post=13-08-2023-zoo-nacht-magdeburg-konzert\" rel=\"bookmark\">13.08.2023 &#8211; ZOO-NACHT MAGDEBURG KONZERT<\/a><\/h3>\n\t\t\t\t\t\t\t\t\t\t\t\t<div class=\"blog-content-excerpt\">\n\t\t\t\t\t\t\t\t\t\t\t\t\t\t\t<p class=\"blog-short-content\">Juna und Saleia sind total \u00fcberw\u00e4ltigt von der wundervollen Zoonacht in Magdeburg! Die Tiere waren alle super s\u00fcss und zutraulich...<\/p>\n\t\t\t\t\t\t\t\t<a href=\"https:\/\/saleia.de\/?blog_post=13-08-2023-zoo-nacht-magdeburg-konzert\" class=\"blog-more-link\"> Lesen Sie weiter<\/a>\n\t\t\t\t\t\t\t\t\t\t\t\t\t<\/div>\n\t\t\t\t\t\t\t\t\t\t\t<\/div>\n\t\t\t\t<\/div>\n\t\t\t<\/div>\n\t\t<\/div>\n\t\t\t\t<div id=\"post-4727\" class=\"blog type-blog blog-clearfix wpbaw-blog-class blog-col-0 has-date has-thumb\">\n\t\t\t<div class=\"blog-inner-wrap-view blog-clearfix\">\n\t\t\t\t\t\t\t\t\t<div class=\"blog-thumb\">\n\t\t\t\t\t\t<div class=\"grid-blog-thumb\">\n\t\t\t\t\t\t\t<a href=\"https:\/\/saleia.de\/?blog_post=02-08-2023-lev-spielt-kinderfest\"><img decoding=\"async\" class=\"wpbaw-blog-img\" src=\"https:\/\/saleia.de\/wp-content\/uploads\/2023\/09\/Unbenannt-1.jpg\" alt=\"02.08.2023 &#8211; LEV SPIELT KINDERFEST\"\/><\/a>\n\t\t\t\t\t\t<\/div>\n\t\t\t\t\t<\/div>\n\t\t\t\t\n\t\t\t\t<div class=\"blog-content\">\n\t\t\t\t\t\t\t\t\t\t\t<div class=\"grid-category-post\">\n\t\t\t\t\t\t\t<a href=\"https:\/\/saleia.de\/?blog-category=blog\">Blog<\/a>\t\t\t\t\t\t<\/div>\n\t\t\t\t\t\t\t\t\t\t\t\t\t<div class=\"blog-author\">\n\t\t\t\t\t\t\t\t\t\t\t\t\t\t\t\t\t<span>\n\t\t\t\t\t\t\t\t\t\tvon <a href=\"https:\/\/saleia.de\/?author=1\" target=\"_self\">saleia<\/a>\n\t\t\t\t\t\t\t\t\t<\/span>\n\t\t\t\t\t\t\t\t \/ September 19, 2023\t\t\t\t\t\t\t<\/div>\n\t\t\t\t\t\t\n\t\t\t\t\t<div class=\"post-content-text\">\n\t\t\t\t\t\t\t\t\t\t\t\t<h3 class=\"blog-title\"><a href=\"https:\/\/saleia.de\/?blog_post=02-08-2023-lev-spielt-kinderfest\" rel=\"bookmark\">02.08.2023 &#8211; LEV SPIELT KINDERFEST<\/a><\/h3>\n\t\t\t\t\t\t\t\t\t\t\t\t<div class=\"blog-content-excerpt\">\n\t\t\t\t\t\t\t\t\t\t\t\t\t\t\t<p class=\"blog-short-content\">Schon viele Jahre beteilige ich mich an dem wundersch\u00f6nem LEV-Spielt Fest in Leverkusen, um die Kinder in meiner Heimat in...<\/p>\n\t\t\t\t\t\t\t\t<a href=\"https:\/\/saleia.de\/?blog_post=02-08-2023-lev-spielt-kinderfest\" class=\"blog-more-link\"> Lesen Sie weiter<\/a>\n\t\t\t\t\t\t\t\t\t\t\t\t\t<\/div>\n\t\t\t\t\t\t\t\t\t\t\t<\/div>\n\t\t\t\t<\/div>\n\t\t\t<\/div>\n\t\t<\/div>\n\t\t\t<\/div>\n\t\n\t\t<div class=\"blog_pagination blog-clearfix wpbaw-numeric\">\n\t\t<span aria-current=\"page\" class=\"page-numbers current\">1<\/span>\n<a class=\"page-numbers\" href=\"https:\/\/saleia.de\/index.php?rest_route=%2Fwp%2Fv2%2Fpages%2F10&#038;paged=2#wpbaw-blog-1\">2<\/a>\n<a class=\"page-numbers\" href=\"https:\/\/saleia.de\/index.php?rest_route=%2Fwp%2Fv2%2Fpages%2F10&#038;paged=3#wpbaw-blog-1\">3<\/a>\n<span class=\"page-numbers dots\">&hellip;<\/span>\n<a class=\"page-numbers\" href=\"https:\/\/saleia.de\/index.php?rest_route=%2Fwp%2Fv2%2Fpages%2F10&#038;paged=49#wpbaw-blog-1\">49<\/a>\n<a class=\"next page-numbers\" href=\"https:\/\/saleia.de\/index.php?rest_route=%2Fwp%2Fv2%2Fpages%2F10&#038;paged=2#wpbaw-blog-1\">Next &raquo;<\/a>\t<\/div>\n\t\n<div class=\"text_exposed_show\"><\/div>\n<div class=\"text_exposed_show\"><\/div>\n","protected":false},"excerpt":{"rendered":"","protected":false},"author":1,"featured_media":0,"parent":0,"menu_order":1,"comment_status":"closed","ping_status":"closed","template":"","meta":{"footnotes":""},"class_list":["post-10","page","type-page","status-publish","hentry"],"_links":{"self":[{"href":"https:\/\/saleia.de\/index.php?rest_route=\/wp\/v2\/pages\/10","targetHints":{"allow":["GET"]}}],"collection":[{"href":"https:\/\/saleia.de\/index.php?rest_route=\/wp\/v2\/pages"}],"about":[{"href":"https:\/\/saleia.de\/index.php?rest_route=\/wp\/v2\/types\/page"}],"author":[{"embeddable":true,"href":"https:\/\/saleia.de\/index.php?rest_route=\/wp\/v2\/users\/1"}],"replies":[{"embeddable":true,"href":"https:\/\/saleia.de\/index.php?rest_route=%2Fwp%2Fv2%2Fcomments&post=10"}],"version-history":[{"count":70,"href":"https:\/\/saleia.de\/index.php?rest_route=\/wp\/v2\/pages\/10\/revisions"}],"predecessor-version":[{"id":2684,"href":"https:\/\/saleia.de\/index.php?rest_route=\/wp\/v2\/pages\/10\/revisions\/2684"}],"wp:attachment":[{"href":"https:\/\/saleia.de\/index.php?rest_route=%2Fwp%2Fv2%2Fmedia&parent=10"}],"curies":[{"name":"wp","href":"https:\/\/api.w.org\/{rel}","templated":true}]}}