{"id":17,"date":"2015-02-16T19:38:34","date_gmt":"2015-02-16T19:38:34","guid":{"rendered":"http:\/\/saleia.de\/?page_id=17"},"modified":"2023-12-11T00:12:24","modified_gmt":"2023-12-11T00:12:24","slug":"galeries","status":"publish","type":"page","link":"http:\/\/saleia.de\/?page_id=17","title":{"rendered":"Galeries"},"content":{"rendered":"<p><strong>Musik<\/strong><br \/>\nTexte, die einem aus der Seele sprechen \/ Melodien, die Erinnerungen schaffen \/ Bedeutungen, die ein Leben ver\u00e4ndern k\u00f6nnen &#8211; deswegen ist Saleia S\u00e4ngerin geworden und versucht den Geist der Musik unter die Menschenmenge zu bekommen. Dabei entstehen als K\u00fcnstlerin viele sch\u00f6ne Bilder, welche sie euch hier in der Bildergalerie zeigen m\u00f6chte.<\/p>\n<p><a href=\"http:\/\/saleia.de\/?page_id=2526\" target=\"_blank\" rel=\"noopener noreferrer\">Prinzessin Saleia<\/a><\/p>\n<p><a href=\"http:\/\/saleia.de\/?page_id=2537\" target=\"_blank\" rel=\"noopener noreferrer\">Saleia On Stage<\/a><\/p>\n<p><strong>Ganz viel Liebe an euch<\/strong><\/p>\n<p><em>&#8222;Vielen vielen Dank, dass ihr mir t\u00e4glich auf allen Medien so liebes Feedback gibt. F\u00fcr mich gibt es nichts sch\u00f6neres, wenn ich euch ein wenig mit meiner Musik im YouTube aufmuntern darf, oder wenn ich euch sogar daheim auf Kindergeburtstage oder f\u00fcr Hochzeiten oder Events besuchen darf. Das Strahlen in den Augen macht mich wahnsinnig gl\u00fccklich! Dank euch bin ich heute wie ich bin und ihr schenkt mir wahnsinnig viel Kraft! Und ihr seid auch der Grund wieso ich das alles mache und wieso ich nach meiner Krise auferstanden bin! &lt;3 Ich hab euch alle super gern! DANKE! Eure Saleia&#8220;<\/em><\/p>\n<p><a href=\"http:\/\/saleia.de\/?page_id=2557\" target=\"_blank\" rel=\"noopener noreferrer\">Fan-Galerie<\/a><\/p>\n<p><strong>Cosplay<\/strong><br \/>\nEin Wort das viel bedeutet. In jedem Kost\u00fcm, das man tr\u00e4gt, erlebt man andere Abenteuer, man lernt neue nette Menschen kennen, die einen kurzerhand wichtig werden. Cosplay verbindet und ist vielf\u00e4ltig kreativ. Man n\u00e4ht stundenlang an ein Kost\u00fcm, bringt sogar eigene Designs zum Vorschein, es werden viele Fotos gemacht, es wird getanzt, gelacht und einfach nur gelebt. <em>&#8222;Ich f\u00fchl dieses Leben &#8211; Im Cosplay, play play!&#8220;<\/em> (Dokomi Song) In der Bildergalerie findet ihr viele diverse Cosplays, die Saleia entweder selbst gen\u00e4ht (siehe Work in Progress) oder selbst zusammen gestellt hat.<\/p>\n<p><a href=\"http:\/\/saleia.de\/?page_id=1397\" target=\"_blank\" rel=\"noopener noreferrer\">Anime Cosplays<\/a><\/p>\n<p><a href=\"http:\/\/saleia.de\/?page_id=572\" target=\"_blank\" rel=\"noopener noreferrer\">Film Cosplays<\/a><\/p>\n<p><a href=\"http:\/\/saleia.de\/?page_id=547\" target=\"_blank\" rel=\"noopener noreferrer\">Fairy Cosplays<\/a><\/p>\n<p><a href=\"http:\/\/saleia.de\/?page_id=1400\" target=\"_blank\" rel=\"noopener noreferrer\">Game Cosplays<\/a><\/p>\n<p><a href=\"http:\/\/saleia.de\/?page_id=866\" target=\"_blank\" rel=\"noopener noreferrer\">Work in Progress<\/a><\/p>\n<p><a href=\"http:\/\/saleia.de\/?page_id=1819\" target=\"_blank\" rel=\"noopener noreferrer\">Fashion Bounds<\/a><ins class=\"adsbygoogle\" style=\"display: block;\" data-ad-client=\"ca-pub-1427055464359024\" data-ad-slot=\"8590360180\" data-ad-format=\"auto\"><\/ins><\/p>\n","protected":false},"excerpt":{"rendered":"<p>Musik Texte, die einem aus der Seele sprechen \/ Melodien, die Erinnerungen schaffen \/ Bedeutungen, die ein Leben ver\u00e4ndern k\u00f6nnen &#8211; deswegen ist Saleia S\u00e4ngerin geworden und versucht den Geist der Musik unter die Menschenmenge zu bekommen. Dabei entstehen als K\u00fcnstlerin viele sch\u00f6ne Bilder, welche &hellip; <a href=\"http:\/\/saleia.de\/?page_id=17\" class=\"more-link\"><span>Continue reading<span class=\"screen-reader-text\">Galeries<\/span><\/span><\/a><\/p>\n","protected":false},"author":1,"featured_media":4797,"parent":0,"menu_order":5,"comment_status":"closed","ping_status":"closed","template":"","meta":{"footnotes":""},"class_list":["post-17","page","type-page","status-publish","has-post-thumbnail","hentry"],"_links":{"self":[{"href":"http:\/\/saleia.de\/index.php?rest_route=\/wp\/v2\/pages\/17","targetHints":{"allow":["GET"]}}],"collection":[{"href":"http:\/\/saleia.de\/index.php?rest_route=\/wp\/v2\/pages"}],"about":[{"href":"http:\/\/saleia.de\/index.php?rest_route=\/wp\/v2\/types\/page"}],"author":[{"embeddable":true,"href":"http:\/\/saleia.de\/index.php?rest_route=\/wp\/v2\/users\/1"}],"replies":[{"embeddable":true,"href":"http:\/\/saleia.de\/index.php?rest_route=%2Fwp%2Fv2%2Fcomments&post=17"}],"version-history":[{"count":21,"href":"http:\/\/saleia.de\/index.php?rest_route=\/wp\/v2\/pages\/17\/revisions"}],"predecessor-version":[{"id":3836,"href":"http:\/\/saleia.de\/index.php?rest_route=\/wp\/v2\/pages\/17\/revisions\/3836"}],"wp:featuredmedia":[{"embeddable":true,"href":"http:\/\/saleia.de\/index.php?rest_route=\/wp\/v2\/media\/4797"}],"wp:attachment":[{"href":"http:\/\/saleia.de\/index.php?rest_route=%2Fwp%2Fv2%2Fmedia&parent=17"}],"curies":[{"name":"wp","href":"https:\/\/api.w.org\/{rel}","templated":true}]}}